{"id":10,"date":"2023-05-10T16:43:44","date_gmt":"2023-05-10T13:43:44","guid":{"rendered":"http:\/\/localhost\/technicmachines\/?page_id=10"},"modified":"2023-09-17T14:00:25","modified_gmt":"2023-09-17T11:00:25","slug":"about-us","status":"publish","type":"page","link":"https:\/\/www.technicmachines.com\/de\/about-us\/","title":{"rendered":"\u00dcber Uns"},"content":{"rendered":"<p>Als Technic Machines ist es unser Hauptziel, f\u00fcr unsere Kunden die optimalen L\u00f6sungen zu finden.<\/p>\n\n\n\n<p>Wir haben mehr als 10 Jahre Erfahrung in der Maschinenindustrie und wir haben unsere Maschinen bis heute in mehr als 70 L\u00e4nder exportiert.<\/p>\n\n\n\n<p>Die t\u00fcrkische Maschinenindustrie hat eine gro\u00dfe Anzahl von Maschinenherstellern, deshalb ist es schwierig, genau den richtigen Hersteller f\u00fcr ausl\u00e4ndische Kunden w\u00e4hrend ihrer Maschinenrecherche zu erreichen, wir bieten unseren Kunden in diesem Punkt einen Service, mit Hilfe unserer gro\u00dfen Erfahrung k\u00f6nnen wir leicht die besten und optimalen L\u00f6sungen f\u00fcr unsere Kunden finden. Als Technic Machines haben wir lange und gute Beziehungen mit unseren Herstellern, mit Hilfe der langen Zeit und gute Beziehungen mit unseren Maschinenhersteller Partner, geben den besten Service ist einfacher f\u00fcr uns.<\/p>\n\n\n\n<p>Unser Ziel ist es, gute Beziehungen zu unseren Kunden zu haben und ihnen den besten Service zu bieten. Deshalb steigern wir jedes Jahr unseren Umsatz und weiten unseren Export auf neue L\u00e4nder und Kontinente aus. Zufriedene Kunden zu haben ist unser Hauptziel seit mehr als 10 Jahren unserer Erfahrung und mit Hilfe dieser Perspektive haben wir bis heute mehr als 70 L\u00e4nder exportiert.<\/p>\n\n\n\n<p>Sie sind herzlich eingeladen, mit uns f\u00fcr jede industrielle Maschine Forschung in der T\u00fcrkei zu kontaktieren, werden wir versuchen, Ihnen die besten und optimalen L\u00f6sungen.<\/p>","protected":false},"excerpt":{"rendered":"As Technic Machines, our main target is, to find for our customers the optimum solutions. We have experience more than 10 years on machine industry and we exported our machines more than 70 countries until today. Turkish machine industry is wide in numbers of machine producers, therefore it is difficult to reach exactly correct producer","protected":false},"author":1,"featured_media":0,"parent":0,"menu_order":4,"comment_status":"closed","ping_status":"closed","template":"","meta":{"footnotes":""},"class_list":["post-10","page","type-page","status-publish","hentry"],"yoast_head":"<!-- This site is optimized with the Yoast SEO Premium plugin v26.6 (Yoast SEO v26.6) - https:\/\/yoast.com\/wordpress\/plugins\/seo\/ -->\n<title>About Us - Technic Machines<\/title>\n<meta name=\"description\" content=\"Technic Machines, industrial machine supplier located in Istanbul Turkey, exported more than 70 countries until today.\" \/>\n<meta name=\"robots\" content=\"index, follow, max-snippet:-1, max-image-preview:large, max-video-preview:-1\" \/>\n<link rel=\"canonical\" href=\"https:\/\/www.technicmachines.com\/de\/about-us\/\" \/>\n<meta property=\"og:locale\" content=\"de_DE\" \/>\n<meta property=\"og:type\" content=\"article\" \/>\n<meta property=\"og:title\" content=\"About Us Industrial Machine Solutions\" \/>\n<meta property=\"og:description\" content=\"Your industrial machine solutions partner, with good quality and optimum prices from Turkish machine suppliers.\" \/>\n<meta property=\"og:url\" content=\"https:\/\/www.technicmachines.com\/de\/about-us\/\" \/>\n<meta property=\"og:site_name\" content=\"Technic Machines\" \/>\n<meta property=\"article:publisher\" content=\"https:\/\/www.facebook.com\/TechnicMachines\" \/>\n<meta property=\"article:modified_time\" content=\"2023-09-17T11:00:25+00:00\" \/>\n<meta property=\"og:image\" content=\"https:\/\/www.technicmachines.com\/wp-content\/uploads\/2023\/09\/LOGO-1.png\" \/>\n\t<meta property=\"og:image:width\" content=\"1456\" \/>\n\t<meta property=\"og:image:height\" content=\"972\" \/>\n\t<meta property=\"og:image:type\" content=\"image\/png\" \/>\n<meta name=\"twitter:card\" content=\"summary_large_image\" \/>\n<meta name=\"twitter:site\" content=\"@technicmachines\" \/>\n<meta name=\"twitter:label1\" content=\"Gesch\u00e4tzte Lesezeit\" \/>\n\t<meta name=\"twitter:data1\" content=\"2\u00a0Minuten\" \/>\n<script type=\"application\/ld+json\" class=\"yoast-schema-graph\">{\"@context\":\"https:\/\/schema.org\",\"@graph\":[{\"@type\":\"WebPage\",\"@id\":\"https:\/\/www.technicmachines.com\/about-us\/\",\"url\":\"https:\/\/www.technicmachines.com\/about-us\/\",\"name\":\"About Us - Technic Machines\",\"isPartOf\":{\"@id\":\"https:\/\/www.technicmachines.com\/#website\"},\"datePublished\":\"2023-05-10T13:43:44+00:00\",\"dateModified\":\"2023-09-17T11:00:25+00:00\",\"description\":\"Technic Machines, industrial machine supplier located in Istanbul Turkey, exported more than 70 countries until today.\",\"breadcrumb\":{\"@id\":\"https:\/\/www.technicmachines.com\/about-us\/#breadcrumb\"},\"inLanguage\":\"de\",\"potentialAction\":[{\"@type\":\"ReadAction\",\"target\":[\"https:\/\/www.technicmachines.com\/about-us\/\"]}]},{\"@type\":\"BreadcrumbList\",\"@id\":\"https:\/\/www.technicmachines.com\/about-us\/#breadcrumb\",\"itemListElement\":[{\"@type\":\"ListItem\",\"position\":1,\"name\":\"Home\",\"item\":\"https:\/\/www.technicmachines.com\/es\/\"},{\"@type\":\"ListItem\",\"position\":2,\"name\":\"About Us\"}]},{\"@type\":\"WebSite\",\"@id\":\"https:\/\/www.technicmachines.com\/#website\",\"url\":\"https:\/\/www.technicmachines.com\/\",\"name\":\"Technic Machines\",\"description\":\"Industrial Machine Solutions Partner\",\"publisher\":{\"@id\":\"https:\/\/www.technicmachines.com\/#organization\"},\"alternateName\":\"Technic Machines\",\"potentialAction\":[{\"@type\":\"SearchAction\",\"target\":{\"@type\":\"EntryPoint\",\"urlTemplate\":\"https:\/\/www.technicmachines.com\/?s={search_term_string}\"},\"query-input\":{\"@type\":\"PropertyValueSpecification\",\"valueRequired\":true,\"valueName\":\"search_term_string\"}}],\"inLanguage\":\"de\"},{\"@type\":\"Organization\",\"@id\":\"https:\/\/www.technicmachines.com\/#organization\",\"name\":\"Technic Machines\",\"alternateName\":\"Technic Machines\",\"url\":\"https:\/\/www.technicmachines.com\/\",\"logo\":{\"@type\":\"ImageObject\",\"inLanguage\":\"de\",\"@id\":\"https:\/\/www.technicmachines.com\/#\/schema\/logo\/image\/\",\"url\":\"https:\/\/www.technicmachines.com\/wp-content\/uploads\/2023\/09\/LOGO-1.png\",\"contentUrl\":\"https:\/\/www.technicmachines.com\/wp-content\/uploads\/2023\/09\/LOGO-1.png\",\"width\":1456,\"height\":972,\"caption\":\"Technic Machines\"},\"image\":{\"@id\":\"https:\/\/www.technicmachines.com\/#\/schema\/logo\/image\/\"},\"sameAs\":[\"https:\/\/www.facebook.com\/TechnicMachines\",\"https:\/\/x.com\/technicmachines\",\"https:\/\/www.youtube.com\/technicmachines\",\"https:\/\/www.linkedin.com\/company\/technicmachines\",\"https:\/\/www.instagram.com\/technicmachines\"]}]}<\/script>\n<!-- \/ Yoast SEO Premium plugin. -->","yoast_head_json":{"title":"\u00dcber uns - Technic Machines","description":"Technic Machines, Lieferant von Industriemaschinen mit Sitz in Istanbul, T\u00fcrkei, hat bis heute in mehr als 70 L\u00e4nder exportiert.","robots":{"index":"index","follow":"follow","max-snippet":"max-snippet:-1","max-image-preview":"max-image-preview:large","max-video-preview":"max-video-preview:-1"},"canonical":"https:\/\/www.technicmachines.com\/de\/about-us\/","og_locale":"de_DE","og_type":"article","og_title":"About Us Industrial Machine Solutions","og_description":"Your industrial machine solutions partner, with good quality and optimum prices from Turkish machine suppliers.","og_url":"https:\/\/www.technicmachines.com\/de\/about-us\/","og_site_name":"Technic Machines","article_publisher":"https:\/\/www.facebook.com\/TechnicMachines","article_modified_time":"2023-09-17T11:00:25+00:00","og_image":[{"width":1456,"height":972,"url":"https:\/\/www.technicmachines.com\/wp-content\/uploads\/2023\/09\/LOGO-1.png","type":"image\/png"}],"twitter_card":"summary_large_image","twitter_site":"@technicmachines","twitter_misc":{"Gesch\u00e4tzte Lesezeit":"2\u00a0Minuten"},"schema":{"@context":"https:\/\/schema.org","@graph":[{"@type":"WebPage","@id":"https:\/\/www.technicmachines.com\/about-us\/","url":"https:\/\/www.technicmachines.com\/about-us\/","name":"\u00dcber uns - Technic Machines","isPartOf":{"@id":"https:\/\/www.technicmachines.com\/#website"},"datePublished":"2023-05-10T13:43:44+00:00","dateModified":"2023-09-17T11:00:25+00:00","description":"Technic Machines, Lieferant von Industriemaschinen mit Sitz in Istanbul, T\u00fcrkei, hat bis heute in mehr als 70 L\u00e4nder exportiert.","breadcrumb":{"@id":"https:\/\/www.technicmachines.com\/about-us\/#breadcrumb"},"inLanguage":"de","potentialAction":[{"@type":"ReadAction","target":["https:\/\/www.technicmachines.com\/about-us\/"]}]},{"@type":"BreadcrumbList","@id":"https:\/\/www.technicmachines.com\/about-us\/#breadcrumb","itemListElement":[{"@type":"ListItem","position":1,"name":"Home","item":"https:\/\/www.technicmachines.com\/es\/"},{"@type":"ListItem","position":2,"name":"About Us"}]},{"@type":"WebSite","@id":"https:\/\/www.technicmachines.com\/#website","url":"https:\/\/www.technicmachines.com\/","name":"Technic Machines","description":"Partner f\u00fcr industrielle Maschinenl\u00f6sungen","publisher":{"@id":"https:\/\/www.technicmachines.com\/#organization"},"alternateName":"Technic Machines","potentialAction":[{"@type":"SearchAction","target":{"@type":"EntryPoint","urlTemplate":"https:\/\/www.technicmachines.com\/?s={search_term_string}"},"query-input":{"@type":"PropertyValueSpecification","valueRequired":true,"valueName":"search_term_string"}}],"inLanguage":"de"},{"@type":"Organization","@id":"https:\/\/www.technicmachines.com\/#organization","name":"Technic Machines","alternateName":"Technic Machines","url":"https:\/\/www.technicmachines.com\/","logo":{"@type":"ImageObject","inLanguage":"de","@id":"https:\/\/www.technicmachines.com\/#\/schema\/logo\/image\/","url":"https:\/\/www.technicmachines.com\/wp-content\/uploads\/2023\/09\/LOGO-1.png","contentUrl":"https:\/\/www.technicmachines.com\/wp-content\/uploads\/2023\/09\/LOGO-1.png","width":1456,"height":972,"caption":"Technic Machines"},"image":{"@id":"https:\/\/www.technicmachines.com\/#\/schema\/logo\/image\/"},"sameAs":["https:\/\/www.facebook.com\/TechnicMachines","https:\/\/x.com\/technicmachines","https:\/\/www.youtube.com\/technicmachines","https:\/\/www.linkedin.com\/company\/technicmachines","https:\/\/www.instagram.com\/technicmachines"]}]}},"_links":{"self":[{"href":"https:\/\/www.technicmachines.com\/de\/wp-json\/wp\/v2\/pages\/10","targetHints":{"allow":["GET"]}}],"collection":[{"href":"https:\/\/www.technicmachines.com\/de\/wp-json\/wp\/v2\/pages"}],"about":[{"href":"https:\/\/www.technicmachines.com\/de\/wp-json\/wp\/v2\/types\/page"}],"author":[{"embeddable":true,"href":"https:\/\/www.technicmachines.com\/de\/wp-json\/wp\/v2\/users\/1"}],"replies":[{"embeddable":true,"href":"https:\/\/www.technicmachines.com\/de\/wp-json\/wp\/v2\/comments?post=10"}],"version-history":[{"count":3,"href":"https:\/\/www.technicmachines.com\/de\/wp-json\/wp\/v2\/pages\/10\/revisions"}],"predecessor-version":[{"id":1871,"href":"https:\/\/www.technicmachines.com\/de\/wp-json\/wp\/v2\/pages\/10\/revisions\/1871"}],"wp:attachment":[{"href":"https:\/\/www.technicmachines.com\/de\/wp-json\/wp\/v2\/media?parent=10"}],"curies":[{"name":"wp","href":"https:\/\/api.w.org\/{rel}","templated":true}]}}