{"id":12,"date":"2023-05-10T16:45:22","date_gmt":"2023-05-10T13:45:22","guid":{"rendered":"http:\/\/localhost\/technicmachines\/?page_id=12"},"modified":"2023-09-17T14:09:24","modified_gmt":"2023-09-17T11:09:24","slug":"services","status":"publish","type":"page","link":"https:\/\/www.technicmachines.com\/de\/services\/","title":{"rendered":"Dienste"},"content":{"rendered":"<p>Mit Hilfe unserer guten Beziehungen zu den Lieferanten k\u00f6nnen wir viele verschiedene Anforderungen aus unserem aktuellen Portfolio erf\u00fcllen.  Wenn wir die Anforderungen unserer Kunden nicht aus unserem Portfolio erf\u00fcllen k\u00f6nnen, f\u00fchren wir eine Marktforschung entsprechend ihren Anforderungen durch und versuchen, die beste L\u00f6sung f\u00fcr unsere Kunden zu finden.<\/p>\n\n\n\n<div class=\"wp-block-columns is-layout-flex wp-container-core-columns-is-layout-9d6595d7 wp-block-columns-is-layout-flex\">\n<div class=\"wp-block-column is-layout-flow wp-block-column-is-layout-flow\">\n<p class=\"renkli\">1<\/p>\n\n\n\n<p><strong>B\u00fcrgschaft:<\/strong><\/p>\n\n\n\n<p>Jeder Lieferant hat unterschiedliche Garantieverfahren, daher werden wir Sie auf Anfrage \u00fcber die Details entsprechend Ihren Anforderungen informieren.<\/p>\n<\/div>\n\n\n\n<div class=\"wp-block-column is-layout-flow wp-block-column-is-layout-flow\">\n<p class=\"renkli\">2<\/p>\n\n\n\n<p><strong>Lieferung:<\/strong><\/p>\n\n\n\n<p>Nach der Produktion der Maschinen folgen wir den Test- und Verladeprozess f\u00fcr unsere Kunden, um sicher zu sein, dass die Maschinenleistung und die Verpackung\/Laschung etc. Auch wir bevorzugen, EX-Works Preise mit unserem ersten Preisangebot zu geben, nachdem wir die Versandkosten entsprechend der Nachfrage unserer Kunden hinzuf\u00fcgen k\u00f6nnen.<\/p>\n<\/div>\n\n\n\n<div class=\"wp-block-column is-layout-flow wp-block-column-is-layout-flow\">\n<p class=\"renkli\">3<\/p>\n\n\n\n<p><strong>Produkt-Analyse<\/strong>:<\/p>\n\n\n\n<p>Mit Hilfe unserer langj\u00e4hrigen Erfahrung in der Maschinenindustrie werden wir optimale L\u00f6sungen f\u00fcr unsere Kunden finden und anbieten. Wenn es notwendig ist, f\u00fchren wir detaillierte Marktforschungen durch, um sicherzustellen, dass unsere Produkte den Anforderungen unserer Kunden entsprechen.<\/p>\n<\/div>\n<\/div>","protected":false},"excerpt":{"rendered":"Mit Hilfe unserer guten Beziehungen zu den Lieferanten k\u00f6nnen wir viele verschiedene Anforderungen aus unserem aktuellen Portfolio erf\u00fcllen.  Wenn wir die Anforderungen unserer Kunden nicht aus unserem Portfolio erf\u00fcllen k\u00f6nnen, f\u00fchren wir Marktforschungen entsprechend ihren Anforderungen durch und versuchen, die beste L\u00f6sung f\u00fcr unsere Kunden zu finden. 1 Garantie: Jeder Lieferant hat unterschiedliche Garantien","protected":false},"author":1,"featured_media":0,"parent":0,"menu_order":6,"comment_status":"closed","ping_status":"closed","template":"","meta":{"footnotes":""},"class_list":["post-12","page","type-page","status-publish","hentry"],"yoast_head":"<!-- This site is optimized with the Yoast SEO Premium plugin v26.6 (Yoast SEO v26.6) - https:\/\/yoast.com\/wordpress\/plugins\/seo\/ -->\n<title>Services - Technic Machines<\/title>\n<meta name=\"description\" content=\"As Technic Machines, we provide the best services for our customers from order to start-up, we are always together with our customers.\" \/>\n<meta name=\"robots\" content=\"index, follow, max-snippet:-1, max-image-preview:large, max-video-preview:-1\" \/>\n<link rel=\"canonical\" href=\"https:\/\/www.technicmachines.com\/de\/services\/\" \/>\n<meta property=\"og:locale\" content=\"de_DE\" \/>\n<meta property=\"og:type\" content=\"article\" \/>\n<meta property=\"og:title\" content=\"Services Industrial Machine Solutions\" \/>\n<meta property=\"og:description\" content=\"Your industrial machine solutions partner, with good quality and optimum prices from Turkish machine suppliers.\" \/>\n<meta property=\"og:url\" content=\"https:\/\/www.technicmachines.com\/de\/services\/\" \/>\n<meta property=\"og:site_name\" content=\"Technic Machines\" \/>\n<meta property=\"article:publisher\" content=\"https:\/\/www.facebook.com\/TechnicMachines\" \/>\n<meta property=\"article:modified_time\" content=\"2023-09-17T11:09:24+00:00\" \/>\n<meta property=\"og:image\" content=\"https:\/\/www.technicmachines.com\/wp-content\/uploads\/2023\/09\/LOGO-1.png\" \/>\n\t<meta property=\"og:image:width\" content=\"1456\" \/>\n\t<meta property=\"og:image:height\" content=\"972\" \/>\n\t<meta property=\"og:image:type\" content=\"image\/png\" \/>\n<meta name=\"twitter:card\" content=\"summary_large_image\" \/>\n<meta name=\"twitter:site\" content=\"@technicmachines\" \/>\n<meta name=\"twitter:label1\" content=\"Gesch\u00e4tzte Lesezeit\" \/>\n\t<meta name=\"twitter:data1\" content=\"1\u00a0Minute\" \/>\n<script type=\"application\/ld+json\" class=\"yoast-schema-graph\">{\"@context\":\"https:\/\/schema.org\",\"@graph\":[{\"@type\":\"WebPage\",\"@id\":\"https:\/\/www.technicmachines.com\/services\/\",\"url\":\"https:\/\/www.technicmachines.com\/services\/\",\"name\":\"Services - Technic Machines\",\"isPartOf\":{\"@id\":\"https:\/\/www.technicmachines.com\/#website\"},\"datePublished\":\"2023-05-10T13:45:22+00:00\",\"dateModified\":\"2023-09-17T11:09:24+00:00\",\"description\":\"As Technic Machines, we provide the best services for our customers from order to start-up, we are always together with our customers.\",\"breadcrumb\":{\"@id\":\"https:\/\/www.technicmachines.com\/services\/#breadcrumb\"},\"inLanguage\":\"de\",\"potentialAction\":[{\"@type\":\"ReadAction\",\"target\":[\"https:\/\/www.technicmachines.com\/services\/\"]}]},{\"@type\":\"BreadcrumbList\",\"@id\":\"https:\/\/www.technicmachines.com\/services\/#breadcrumb\",\"itemListElement\":[{\"@type\":\"ListItem\",\"position\":1,\"name\":\"Home\",\"item\":\"https:\/\/www.technicmachines.com\/es\/\"},{\"@type\":\"ListItem\",\"position\":2,\"name\":\"Services\"}]},{\"@type\":\"WebSite\",\"@id\":\"https:\/\/www.technicmachines.com\/#website\",\"url\":\"https:\/\/www.technicmachines.com\/\",\"name\":\"Technic Machines\",\"description\":\"Industrial Machine Solutions Partner\",\"publisher\":{\"@id\":\"https:\/\/www.technicmachines.com\/#organization\"},\"alternateName\":\"Technic Machines\",\"potentialAction\":[{\"@type\":\"SearchAction\",\"target\":{\"@type\":\"EntryPoint\",\"urlTemplate\":\"https:\/\/www.technicmachines.com\/?s={search_term_string}\"},\"query-input\":{\"@type\":\"PropertyValueSpecification\",\"valueRequired\":true,\"valueName\":\"search_term_string\"}}],\"inLanguage\":\"de\"},{\"@type\":\"Organization\",\"@id\":\"https:\/\/www.technicmachines.com\/#organization\",\"name\":\"Technic Machines\",\"alternateName\":\"Technic Machines\",\"url\":\"https:\/\/www.technicmachines.com\/\",\"logo\":{\"@type\":\"ImageObject\",\"inLanguage\":\"de\",\"@id\":\"https:\/\/www.technicmachines.com\/#\/schema\/logo\/image\/\",\"url\":\"https:\/\/www.technicmachines.com\/wp-content\/uploads\/2023\/09\/LOGO-1.png\",\"contentUrl\":\"https:\/\/www.technicmachines.com\/wp-content\/uploads\/2023\/09\/LOGO-1.png\",\"width\":1456,\"height\":972,\"caption\":\"Technic Machines\"},\"image\":{\"@id\":\"https:\/\/www.technicmachines.com\/#\/schema\/logo\/image\/\"},\"sameAs\":[\"https:\/\/www.facebook.com\/TechnicMachines\",\"https:\/\/x.com\/technicmachines\",\"https:\/\/www.youtube.com\/technicmachines\",\"https:\/\/www.linkedin.com\/company\/technicmachines\",\"https:\/\/www.instagram.com\/technicmachines\"]}]}<\/script>\n<!-- \/ Yoast SEO Premium plugin. -->","yoast_head_json":{"title":"Dienstleistungen - Technic Machines","description":"Als Technic Machines bieten wir unseren Kunden den besten Service von der Bestellung bis zur Inbetriebnahme, wir sind immer an der Seite unserer Kunden.","robots":{"index":"index","follow":"follow","max-snippet":"max-snippet:-1","max-image-preview":"max-image-preview:large","max-video-preview":"max-video-preview:-1"},"canonical":"https:\/\/www.technicmachines.com\/de\/services\/","og_locale":"de_DE","og_type":"article","og_title":"Services Industrial Machine Solutions","og_description":"Your industrial machine solutions partner, with good quality and optimum prices from Turkish machine suppliers.","og_url":"https:\/\/www.technicmachines.com\/de\/services\/","og_site_name":"Technic Machines","article_publisher":"https:\/\/www.facebook.com\/TechnicMachines","article_modified_time":"2023-09-17T11:09:24+00:00","og_image":[{"width":1456,"height":972,"url":"https:\/\/www.technicmachines.com\/wp-content\/uploads\/2023\/09\/LOGO-1.png","type":"image\/png"}],"twitter_card":"summary_large_image","twitter_site":"@technicmachines","twitter_misc":{"Gesch\u00e4tzte Lesezeit":"1\u00a0Minute"},"schema":{"@context":"https:\/\/schema.org","@graph":[{"@type":"WebPage","@id":"https:\/\/www.technicmachines.com\/services\/","url":"https:\/\/www.technicmachines.com\/services\/","name":"Dienstleistungen - Technic Machines","isPartOf":{"@id":"https:\/\/www.technicmachines.com\/#website"},"datePublished":"2023-05-10T13:45:22+00:00","dateModified":"2023-09-17T11:09:24+00:00","description":"Als Technic Machines bieten wir unseren Kunden den besten Service von der Bestellung bis zur Inbetriebnahme, wir sind immer an der Seite unserer Kunden.","breadcrumb":{"@id":"https:\/\/www.technicmachines.com\/services\/#breadcrumb"},"inLanguage":"de","potentialAction":[{"@type":"ReadAction","target":["https:\/\/www.technicmachines.com\/services\/"]}]},{"@type":"BreadcrumbList","@id":"https:\/\/www.technicmachines.com\/services\/#breadcrumb","itemListElement":[{"@type":"ListItem","position":1,"name":"Home","item":"https:\/\/www.technicmachines.com\/es\/"},{"@type":"ListItem","position":2,"name":"Services"}]},{"@type":"WebSite","@id":"https:\/\/www.technicmachines.com\/#website","url":"https:\/\/www.technicmachines.com\/","name":"Technic Machines","description":"Partner f\u00fcr industrielle Maschinenl\u00f6sungen","publisher":{"@id":"https:\/\/www.technicmachines.com\/#organization"},"alternateName":"Technic Machines","potentialAction":[{"@type":"SearchAction","target":{"@type":"EntryPoint","urlTemplate":"https:\/\/www.technicmachines.com\/?s={search_term_string}"},"query-input":{"@type":"PropertyValueSpecification","valueRequired":true,"valueName":"search_term_string"}}],"inLanguage":"de"},{"@type":"Organization","@id":"https:\/\/www.technicmachines.com\/#organization","name":"Technic Machines","alternateName":"Technic Machines","url":"https:\/\/www.technicmachines.com\/","logo":{"@type":"ImageObject","inLanguage":"de","@id":"https:\/\/www.technicmachines.com\/#\/schema\/logo\/image\/","url":"https:\/\/www.technicmachines.com\/wp-content\/uploads\/2023\/09\/LOGO-1.png","contentUrl":"https:\/\/www.technicmachines.com\/wp-content\/uploads\/2023\/09\/LOGO-1.png","width":1456,"height":972,"caption":"Technic Machines"},"image":{"@id":"https:\/\/www.technicmachines.com\/#\/schema\/logo\/image\/"},"sameAs":["https:\/\/www.facebook.com\/TechnicMachines","https:\/\/x.com\/technicmachines","https:\/\/www.youtube.com\/technicmachines","https:\/\/www.linkedin.com\/company\/technicmachines","https:\/\/www.instagram.com\/technicmachines"]}]}},"_links":{"self":[{"href":"https:\/\/www.technicmachines.com\/de\/wp-json\/wp\/v2\/pages\/12","targetHints":{"allow":["GET"]}}],"collection":[{"href":"https:\/\/www.technicmachines.com\/de\/wp-json\/wp\/v2\/pages"}],"about":[{"href":"https:\/\/www.technicmachines.com\/de\/wp-json\/wp\/v2\/types\/page"}],"author":[{"embeddable":true,"href":"https:\/\/www.technicmachines.com\/de\/wp-json\/wp\/v2\/users\/1"}],"replies":[{"embeddable":true,"href":"https:\/\/www.technicmachines.com\/de\/wp-json\/wp\/v2\/comments?post=12"}],"version-history":[{"count":6,"href":"https:\/\/www.technicmachines.com\/de\/wp-json\/wp\/v2\/pages\/12\/revisions"}],"predecessor-version":[{"id":630,"href":"https:\/\/www.technicmachines.com\/de\/wp-json\/wp\/v2\/pages\/12\/revisions\/630"}],"wp:attachment":[{"href":"https:\/\/www.technicmachines.com\/de\/wp-json\/wp\/v2\/media?parent=12"}],"curies":[{"name":"wp","href":"https:\/\/api.w.org\/{rel}","templated":true}]}}