{"id":7,"date":"2023-05-10T16:31:30","date_gmt":"2023-05-10T13:31:30","guid":{"rendered":"http:\/\/localhost\/technicmachines\/?page_id=7"},"modified":"2024-02-25T13:19:20","modified_gmt":"2024-02-25T10:19:20","slug":"technic-machines","status":"publish","type":"page","link":"https:\/\/www.technicmachines.com\/de\/","title":{"rendered":"Warum Technic Machines?"},"content":{"rendered":"<div class=\"wp-block-columns is-layout-flex wp-container-core-columns-is-layout-9d6595d7 wp-block-columns-is-layout-flex\">\n<div class=\"wp-block-column is-layout-flow wp-block-column-is-layout-flow\" style=\"flex-basis:29.5%\">\n<figure class=\"wp-block-image size-full is-style-default\"><img loading=\"lazy\" decoding=\"async\" width=\"450\" height=\"450\" src=\"https:\/\/www.technicmachines.com\/wp-content\/uploads\/2024\/02\/tecnic-machines-welcome.webp\" alt=\"\" class=\"wp-image-2661\" srcset=\"https:\/\/www.technicmachines.com\/wp-content\/uploads\/2024\/02\/tecnic-machines-welcome.webp 450w, https:\/\/www.technicmachines.com\/wp-content\/uploads\/2024\/02\/tecnic-machines-welcome-250x250.webp 250w, https:\/\/www.technicmachines.com\/wp-content\/uploads\/2024\/02\/tecnic-machines-welcome-150x150.webp 150w, https:\/\/www.technicmachines.com\/wp-content\/uploads\/2024\/02\/tecnic-machines-welcome-120x120.webp 120w\" sizes=\"auto, (max-width: 450px) 100vw, 450px\" \/><\/figure>\n<\/div>\n\n\n\n<div class=\"wp-block-column giris-p is-layout-flow wp-block-column-is-layout-flow\">\n<p class=\"has-medium-font-size\"><strong>Unsere Arbeit:<\/strong><\/p>\n\n\n\n<p>Seit mehr als 10 Jahren bieten wir industrielle Maschinenl\u00f6sungen f\u00fcr unsere Kunden in verschiedenen Bereichen an, vor allem Metall- und Kunststoffverarbeitungsmaschinen, und wir betreiben detaillierte Forschung in verschiedenen Bereichen entsprechend den Anforderungen unserer Kunden.<\/p>\n\n\n\n<p class=\"has-medium-font-size\"><strong>Unsere Vorteile:<\/strong><\/p>\n\n\n\n<ul class=\"wp-block-list\">\n<li>\u00dcber 10 Jahre Erfahrung in der Maschinenindustrie<\/li>\n\n\n\n<li>Bis heute in mehr als 70 L\u00e4nder exportiert<\/li>\n\n\n\n<li>Follow-Up aller Schritte f\u00fcr unsere Kunden<\/li>\n\n\n\n<li>Prozesskontrolle von der Bestellung bis zur Lieferung und Inbetriebnahme<\/li>\n\n\n\n<li>Gro\u00dfe Datenbank \u00fcber t\u00fcrkische Maschinenhersteller<\/li>\n\n\n\n<li>Optimale und beste L\u00f6sung f\u00fcr jeden unserer Kunden<\/li>\n\n\n\n<li>Details zur Marktforschung f\u00fcr unsere Kunden<\/li>\n\n\n\n<li>Beste Preise bei bester Qualit\u00e4t<\/li>\n\n\n\n<li>Sparen Sie Zeit bei der Marktforschung<\/li>\n\n\n\n<li>Sparen Sie Zeit bei der Produktionskontrolle<\/li>\n\n\n\n<li>Zeitersparnis bei der Zustellung<\/li>\n<\/ul>\n<\/div>\n<\/div>\n\n\n\n<p><\/p>","protected":false},"excerpt":{"rendered":"Unsere Arbeit: Seit mehr als 10 Jahren bieten wir industrielle Maschinenl\u00f6sungen f\u00fcr unsere Kunden in verschiedenen Bereichen an, vor allem Metall- und Kunststoffverarbeitungsmaschinen, und wir betreiben detaillierte Forschung in verschiedenen Bereichen entsprechend den Anforderungen unserer Kunden. Unsere Vorteile:","protected":false},"author":1,"featured_media":0,"parent":0,"menu_order":7,"comment_status":"closed","ping_status":"closed","template":"home.php","meta":{"footnotes":""},"class_list":["post-7","page","type-page","status-publish","hentry"],"yoast_head":"<!-- This site is optimized with the Yoast SEO Premium plugin v26.6 (Yoast SEO v26.6) - https:\/\/yoast.com\/wordpress\/plugins\/seo\/ -->\n<title>Technic Machines - Industrial Machine Solutions Partner<\/title>\n<meta name=\"description\" content=\"As Technic Machines, we exported our machines more than 70 countries until today, we provide the best industrial machine solutions.\" \/>\n<meta name=\"robots\" content=\"index, follow, max-snippet:-1, max-image-preview:large, max-video-preview:-1\" \/>\n<link rel=\"canonical\" href=\"https:\/\/www.technicmachines.com\/de\/\" \/>\n<meta property=\"og:locale\" content=\"de_DE\" \/>\n<meta property=\"og:type\" content=\"article\" \/>\n<meta property=\"og:title\" content=\"Why Technic Machines ? Industrial Machine Solutions\" \/>\n<meta property=\"og:description\" content=\"Your industrial machine solutions partner, with good quality and optimum prices from Turkish machine suppliers.\" \/>\n<meta property=\"og:url\" content=\"https:\/\/www.technicmachines.com\/de\/\" \/>\n<meta property=\"og:site_name\" content=\"Technic Machines\" \/>\n<meta property=\"article:publisher\" content=\"https:\/\/www.facebook.com\/TechnicMachines\" \/>\n<meta property=\"article:modified_time\" content=\"2024-02-25T10:19:20+00:00\" \/>\n<meta property=\"og:image\" content=\"https:\/\/www.technicmachines.com\/wp-content\/uploads\/2024\/02\/tecnic-machines-welcome.webp\" \/>\n<meta name=\"twitter:card\" content=\"summary_large_image\" \/>\n<meta name=\"twitter:site\" content=\"@technicmachines\" \/>\n<meta name=\"twitter:label1\" content=\"Gesch\u00e4tzte Lesezeit\" \/>\n\t<meta name=\"twitter:data1\" content=\"1\u00a0Minute\" \/>\n<script type=\"application\/ld+json\" class=\"yoast-schema-graph\">{\"@context\":\"https:\/\/schema.org\",\"@graph\":[{\"@type\":\"WebPage\",\"@id\":\"https:\/\/www.technicmachines.com\/es\/\",\"url\":\"https:\/\/www.technicmachines.com\/es\/\",\"name\":\"Technic Machines - Industrial Machine Solutions Partner\",\"isPartOf\":{\"@id\":\"https:\/\/www.technicmachines.com\/#website\"},\"primaryImageOfPage\":{\"@id\":\"https:\/\/www.technicmachines.com\/es\/#primaryimage\"},\"image\":{\"@id\":\"https:\/\/www.technicmachines.com\/es\/#primaryimage\"},\"thumbnailUrl\":\"https:\/\/www.technicmachines.com\/wp-content\/uploads\/2024\/02\/tecnic-machines-welcome.webp\",\"datePublished\":\"2023-05-10T13:31:30+00:00\",\"dateModified\":\"2024-02-25T10:19:20+00:00\",\"description\":\"As Technic Machines, we exported our machines more than 70 countries until today, we provide the best industrial machine solutions.\",\"breadcrumb\":{\"@id\":\"https:\/\/www.technicmachines.com\/es\/#breadcrumb\"},\"inLanguage\":\"de\",\"potentialAction\":[{\"@type\":\"ReadAction\",\"target\":[\"https:\/\/www.technicmachines.com\/es\/\"]}]},{\"@type\":\"ImageObject\",\"inLanguage\":\"de\",\"@id\":\"https:\/\/www.technicmachines.com\/es\/#primaryimage\",\"url\":\"https:\/\/www.technicmachines.com\/wp-content\/uploads\/2024\/02\/tecnic-machines-welcome.webp\",\"contentUrl\":\"https:\/\/www.technicmachines.com\/wp-content\/uploads\/2024\/02\/tecnic-machines-welcome.webp\"},{\"@type\":\"BreadcrumbList\",\"@id\":\"https:\/\/www.technicmachines.com\/es\/#breadcrumb\",\"itemListElement\":[{\"@type\":\"ListItem\",\"position\":1,\"name\":\"Home\",\"item\":\"https:\/\/www.technicmachines.com\/es\/\"},{\"@type\":\"ListItem\",\"position\":2,\"name\":\"Why Technic Machines ?\"}]},{\"@type\":\"WebSite\",\"@id\":\"https:\/\/www.technicmachines.com\/#website\",\"url\":\"https:\/\/www.technicmachines.com\/\",\"name\":\"Technic Machines\",\"description\":\"Industrial Machine Solutions Partner\",\"publisher\":{\"@id\":\"https:\/\/www.technicmachines.com\/#organization\"},\"alternateName\":\"Technic Machines\",\"potentialAction\":[{\"@type\":\"SearchAction\",\"target\":{\"@type\":\"EntryPoint\",\"urlTemplate\":\"https:\/\/www.technicmachines.com\/?s={search_term_string}\"},\"query-input\":{\"@type\":\"PropertyValueSpecification\",\"valueRequired\":true,\"valueName\":\"search_term_string\"}}],\"inLanguage\":\"de\"},{\"@type\":\"Organization\",\"@id\":\"https:\/\/www.technicmachines.com\/#organization\",\"name\":\"Technic Machines\",\"alternateName\":\"Technic Machines\",\"url\":\"https:\/\/www.technicmachines.com\/\",\"logo\":{\"@type\":\"ImageObject\",\"inLanguage\":\"de\",\"@id\":\"https:\/\/www.technicmachines.com\/#\/schema\/logo\/image\/\",\"url\":\"https:\/\/www.technicmachines.com\/wp-content\/uploads\/2023\/09\/LOGO-1.png\",\"contentUrl\":\"https:\/\/www.technicmachines.com\/wp-content\/uploads\/2023\/09\/LOGO-1.png\",\"width\":1456,\"height\":972,\"caption\":\"Technic Machines\"},\"image\":{\"@id\":\"https:\/\/www.technicmachines.com\/#\/schema\/logo\/image\/\"},\"sameAs\":[\"https:\/\/www.facebook.com\/TechnicMachines\",\"https:\/\/x.com\/technicmachines\",\"https:\/\/www.youtube.com\/technicmachines\",\"https:\/\/www.linkedin.com\/company\/technicmachines\",\"https:\/\/www.instagram.com\/technicmachines\"]}]}<\/script>\n<!-- \/ Yoast SEO Premium plugin. -->","yoast_head_json":{"title":"Technic Machines - Partner f\u00fcr industrielle Maschinenl\u00f6sungen","description":"Als Technic Machines haben wir unsere Maschinen in mehr als 70 L\u00e4nder exportiert, bis heute bieten wir die besten industriellen Maschinenl\u00f6sungen.","robots":{"index":"index","follow":"follow","max-snippet":"max-snippet:-1","max-image-preview":"max-image-preview:large","max-video-preview":"max-video-preview:-1"},"canonical":"https:\/\/www.technicmachines.com\/de\/","og_locale":"de_DE","og_type":"article","og_title":"Why Technic Machines ? Industrial Machine Solutions","og_description":"Your industrial machine solutions partner, with good quality and optimum prices from Turkish machine suppliers.","og_url":"https:\/\/www.technicmachines.com\/de\/","og_site_name":"Technic Machines","article_publisher":"https:\/\/www.facebook.com\/TechnicMachines","article_modified_time":"2024-02-25T10:19:20+00:00","og_image":[{"url":"https:\/\/www.technicmachines.com\/wp-content\/uploads\/2024\/02\/tecnic-machines-welcome.webp","type":"","width":"","height":""}],"twitter_card":"summary_large_image","twitter_site":"@technicmachines","twitter_misc":{"Gesch\u00e4tzte Lesezeit":"1\u00a0Minute"},"schema":{"@context":"https:\/\/schema.org","@graph":[{"@type":"WebPage","@id":"https:\/\/www.technicmachines.com\/es\/","url":"https:\/\/www.technicmachines.com\/es\/","name":"Technic Machines - Partner f\u00fcr industrielle Maschinenl\u00f6sungen","isPartOf":{"@id":"https:\/\/www.technicmachines.com\/#website"},"primaryImageOfPage":{"@id":"https:\/\/www.technicmachines.com\/es\/#primaryimage"},"image":{"@id":"https:\/\/www.technicmachines.com\/es\/#primaryimage"},"thumbnailUrl":"https:\/\/www.technicmachines.com\/wp-content\/uploads\/2024\/02\/tecnic-machines-welcome.webp","datePublished":"2023-05-10T13:31:30+00:00","dateModified":"2024-02-25T10:19:20+00:00","description":"Als Technic Machines haben wir unsere Maschinen in mehr als 70 L\u00e4nder exportiert, bis heute bieten wir die besten industriellen Maschinenl\u00f6sungen.","breadcrumb":{"@id":"https:\/\/www.technicmachines.com\/es\/#breadcrumb"},"inLanguage":"de","potentialAction":[{"@type":"ReadAction","target":["https:\/\/www.technicmachines.com\/es\/"]}]},{"@type":"ImageObject","inLanguage":"de","@id":"https:\/\/www.technicmachines.com\/es\/#primaryimage","url":"https:\/\/www.technicmachines.com\/wp-content\/uploads\/2024\/02\/tecnic-machines-welcome.webp","contentUrl":"https:\/\/www.technicmachines.com\/wp-content\/uploads\/2024\/02\/tecnic-machines-welcome.webp"},{"@type":"BreadcrumbList","@id":"https:\/\/www.technicmachines.com\/es\/#breadcrumb","itemListElement":[{"@type":"ListItem","position":1,"name":"Home","item":"https:\/\/www.technicmachines.com\/es\/"},{"@type":"ListItem","position":2,"name":"Why Technic Machines ?"}]},{"@type":"WebSite","@id":"https:\/\/www.technicmachines.com\/#website","url":"https:\/\/www.technicmachines.com\/","name":"Technic Machines","description":"Partner f\u00fcr industrielle Maschinenl\u00f6sungen","publisher":{"@id":"https:\/\/www.technicmachines.com\/#organization"},"alternateName":"Technic Machines","potentialAction":[{"@type":"SearchAction","target":{"@type":"EntryPoint","urlTemplate":"https:\/\/www.technicmachines.com\/?s={search_term_string}"},"query-input":{"@type":"PropertyValueSpecification","valueRequired":true,"valueName":"search_term_string"}}],"inLanguage":"de"},{"@type":"Organization","@id":"https:\/\/www.technicmachines.com\/#organization","name":"Technic Machines","alternateName":"Technic Machines","url":"https:\/\/www.technicmachines.com\/","logo":{"@type":"ImageObject","inLanguage":"de","@id":"https:\/\/www.technicmachines.com\/#\/schema\/logo\/image\/","url":"https:\/\/www.technicmachines.com\/wp-content\/uploads\/2023\/09\/LOGO-1.png","contentUrl":"https:\/\/www.technicmachines.com\/wp-content\/uploads\/2023\/09\/LOGO-1.png","width":1456,"height":972,"caption":"Technic Machines"},"image":{"@id":"https:\/\/www.technicmachines.com\/#\/schema\/logo\/image\/"},"sameAs":["https:\/\/www.facebook.com\/TechnicMachines","https:\/\/x.com\/technicmachines","https:\/\/www.youtube.com\/technicmachines","https:\/\/www.linkedin.com\/company\/technicmachines","https:\/\/www.instagram.com\/technicmachines"]}]}},"_links":{"self":[{"href":"https:\/\/www.technicmachines.com\/de\/wp-json\/wp\/v2\/pages\/7","targetHints":{"allow":["GET"]}}],"collection":[{"href":"https:\/\/www.technicmachines.com\/de\/wp-json\/wp\/v2\/pages"}],"about":[{"href":"https:\/\/www.technicmachines.com\/de\/wp-json\/wp\/v2\/types\/page"}],"author":[{"embeddable":true,"href":"https:\/\/www.technicmachines.com\/de\/wp-json\/wp\/v2\/users\/1"}],"replies":[{"embeddable":true,"href":"https:\/\/www.technicmachines.com\/de\/wp-json\/wp\/v2\/comments?post=7"}],"version-history":[{"count":77,"href":"https:\/\/www.technicmachines.com\/de\/wp-json\/wp\/v2\/pages\/7\/revisions"}],"predecessor-version":[{"id":2739,"href":"https:\/\/www.technicmachines.com\/de\/wp-json\/wp\/v2\/pages\/7\/revisions\/2739"}],"wp:attachment":[{"href":"https:\/\/www.technicmachines.com\/de\/wp-json\/wp\/v2\/media?parent=7"}],"curies":[{"name":"wp","href":"https:\/\/api.w.org\/{rel}","templated":true}]}}