{"id":10,"date":"2023-05-10T16:43:44","date_gmt":"2023-05-10T13:43:44","guid":{"rendered":"http:\/\/localhost\/technicmachines\/?page_id=10"},"modified":"2023-09-17T14:00:25","modified_gmt":"2023-09-17T11:00:25","slug":"about-us","status":"publish","type":"page","link":"https:\/\/www.technicmachines.com\/es\/about-us\/","title":{"rendered":"Qui\u00e9n Somos"},"content":{"rendered":"<p>Como Technic Machines, nuestro principal objetivo es encontrar para nuestros clientes las soluciones \u00f3ptimas.<\/p>\n\n\n\n<p>Tenemos m\u00e1s de 10 a\u00f1os de experiencia en la industria de la maquinaria y hemos exportado nuestras m\u00e1quinas a m\u00e1s de 70 pa\u00edses hasta hoy.<\/p>\n\n\n\n<p>La industria de maquinaria turca es amplia en n\u00famero de productores de maquinaria, por lo tanto es dif\u00edcil llegar exactamente al productor correcto para los clientes extranjeros durante su investigaci\u00f3n de maquinaria, estamos dando el servicio a nuestros clientes en este punto en particular, con la ayuda de nuestra gran experiencia podemos encontrar f\u00e1cilmente las mejores y \u00f3ptimas soluciones para nuestros clientes. Como Technic Machines tenemos mucho tiempo y buena relaci\u00f3n con nuestros productores, con la ayuda de mucho tiempo y buenas relaciones con nuestros socios productores de m\u00e1quinas, dando el mejor servicio es m\u00e1s f\u00e1cil para nosotros.<\/p>\n\n\n\n<p>Nuestro objetivo es tener buenas relaciones con nuestros clientes y dar el mejor servicio, por lo tanto aumentamos f\u00e1cilmente nuestras ventas cada a\u00f1o y extendemos nuestra exportaci\u00f3n a nuevos pa\u00edses y continentes. Tener clientes satisfechos es nuestro principal objetivo desde hace m\u00e1s de 10 a\u00f1os de experiencia y con la ayuda de esta perspectiva hemos exportado a m\u00e1s de 70 pa\u00edses hasta hoy.<\/p>\n\n\n\n<p>Le invitamos a contactar con nosotros para cualquier investigaci\u00f3n de maquinaria industrial en Turqu\u00eda, intentaremos darle las mejores y \u00f3ptimas soluciones.<\/p>","protected":false},"excerpt":{"rendered":"Como Technic Machines, nuestro principal objetivo es, encontrar para nuestros clientes las soluciones \u00f3ptimas. Tenemos m\u00e1s de 10 a\u00f1os de experiencia en la industria de la maquinaria y hemos exportado nuestras m\u00e1quinas a m\u00e1s de 70 pa\u00edses hasta hoy. La industria de maquinaria turca es amplia en n\u00famero de productores de maquinaria, por lo que es dif\u00edcil llegar exactamente al productor correcto.","protected":false},"author":1,"featured_media":0,"parent":0,"menu_order":4,"comment_status":"closed","ping_status":"closed","template":"","meta":{"footnotes":""},"class_list":["post-10","page","type-page","status-publish","hentry"],"yoast_head":"<!-- This site is optimized with the Yoast SEO Premium plugin v26.6 (Yoast SEO v26.6) - https:\/\/yoast.com\/wordpress\/plugins\/seo\/ -->\n<title>About Us - Technic Machines<\/title>\n<meta name=\"description\" content=\"Technic Machines, industrial machine supplier located in Istanbul Turkey, exported more than 70 countries until today.\" \/>\n<meta name=\"robots\" content=\"index, follow, max-snippet:-1, max-image-preview:large, max-video-preview:-1\" \/>\n<link rel=\"canonical\" href=\"https:\/\/www.technicmachines.com\/es\/about-us\/\" \/>\n<meta property=\"og:locale\" content=\"es_ES\" \/>\n<meta property=\"og:type\" content=\"article\" \/>\n<meta property=\"og:title\" content=\"About Us Industrial Machine Solutions\" \/>\n<meta property=\"og:description\" content=\"Your industrial machine solutions partner, with good quality and optimum prices from Turkish machine suppliers.\" \/>\n<meta property=\"og:url\" content=\"https:\/\/www.technicmachines.com\/es\/about-us\/\" \/>\n<meta property=\"og:site_name\" content=\"Technic Machines\" \/>\n<meta property=\"article:publisher\" content=\"https:\/\/www.facebook.com\/TechnicMachines\" \/>\n<meta property=\"article:modified_time\" content=\"2023-09-17T11:00:25+00:00\" \/>\n<meta property=\"og:image\" content=\"https:\/\/www.technicmachines.com\/wp-content\/uploads\/2023\/09\/LOGO-1.png\" \/>\n\t<meta property=\"og:image:width\" content=\"1456\" \/>\n\t<meta property=\"og:image:height\" content=\"972\" \/>\n\t<meta property=\"og:image:type\" content=\"image\/png\" \/>\n<meta name=\"twitter:card\" content=\"summary_large_image\" \/>\n<meta name=\"twitter:site\" content=\"@technicmachines\" \/>\n<meta name=\"twitter:label1\" content=\"Tiempo de lectura\" \/>\n\t<meta name=\"twitter:data1\" content=\"2 minutos\" \/>\n<script type=\"application\/ld+json\" class=\"yoast-schema-graph\">{\"@context\":\"https:\/\/schema.org\",\"@graph\":[{\"@type\":\"WebPage\",\"@id\":\"https:\/\/www.technicmachines.com\/about-us\/\",\"url\":\"https:\/\/www.technicmachines.com\/about-us\/\",\"name\":\"About Us - Technic Machines\",\"isPartOf\":{\"@id\":\"https:\/\/www.technicmachines.com\/#website\"},\"datePublished\":\"2023-05-10T13:43:44+00:00\",\"dateModified\":\"2023-09-17T11:00:25+00:00\",\"description\":\"Technic Machines, industrial machine supplier located in Istanbul Turkey, exported more than 70 countries until today.\",\"breadcrumb\":{\"@id\":\"https:\/\/www.technicmachines.com\/about-us\/#breadcrumb\"},\"inLanguage\":\"es\",\"potentialAction\":[{\"@type\":\"ReadAction\",\"target\":[\"https:\/\/www.technicmachines.com\/about-us\/\"]}]},{\"@type\":\"BreadcrumbList\",\"@id\":\"https:\/\/www.technicmachines.com\/about-us\/#breadcrumb\",\"itemListElement\":[{\"@type\":\"ListItem\",\"position\":1,\"name\":\"Home\",\"item\":\"https:\/\/www.technicmachines.com\/es\/\"},{\"@type\":\"ListItem\",\"position\":2,\"name\":\"About Us\"}]},{\"@type\":\"WebSite\",\"@id\":\"https:\/\/www.technicmachines.com\/#website\",\"url\":\"https:\/\/www.technicmachines.com\/\",\"name\":\"Technic Machines\",\"description\":\"Industrial Machine Solutions Partner\",\"publisher\":{\"@id\":\"https:\/\/www.technicmachines.com\/#organization\"},\"alternateName\":\"Technic Machines\",\"potentialAction\":[{\"@type\":\"SearchAction\",\"target\":{\"@type\":\"EntryPoint\",\"urlTemplate\":\"https:\/\/www.technicmachines.com\/?s={search_term_string}\"},\"query-input\":{\"@type\":\"PropertyValueSpecification\",\"valueRequired\":true,\"valueName\":\"search_term_string\"}}],\"inLanguage\":\"es\"},{\"@type\":\"Organization\",\"@id\":\"https:\/\/www.technicmachines.com\/#organization\",\"name\":\"Technic Machines\",\"alternateName\":\"Technic Machines\",\"url\":\"https:\/\/www.technicmachines.com\/\",\"logo\":{\"@type\":\"ImageObject\",\"inLanguage\":\"es\",\"@id\":\"https:\/\/www.technicmachines.com\/#\/schema\/logo\/image\/\",\"url\":\"https:\/\/www.technicmachines.com\/wp-content\/uploads\/2023\/09\/LOGO-1.png\",\"contentUrl\":\"https:\/\/www.technicmachines.com\/wp-content\/uploads\/2023\/09\/LOGO-1.png\",\"width\":1456,\"height\":972,\"caption\":\"Technic Machines\"},\"image\":{\"@id\":\"https:\/\/www.technicmachines.com\/#\/schema\/logo\/image\/\"},\"sameAs\":[\"https:\/\/www.facebook.com\/TechnicMachines\",\"https:\/\/x.com\/technicmachines\",\"https:\/\/www.youtube.com\/technicmachines\",\"https:\/\/www.linkedin.com\/company\/technicmachines\",\"https:\/\/www.instagram.com\/technicmachines\"]}]}<\/script>\n<!-- \/ Yoast SEO Premium plugin. -->","yoast_head_json":{"title":"Sobre nosotros - Technic Machines","description":"Technic Machines, proveedor de maquinaria industrial ubicado en Estambul Turqu\u00eda, exporta a m\u00e1s de 70 pa\u00edses hasta hoy.","robots":{"index":"index","follow":"follow","max-snippet":"max-snippet:-1","max-image-preview":"max-image-preview:large","max-video-preview":"max-video-preview:-1"},"canonical":"https:\/\/www.technicmachines.com\/es\/about-us\/","og_locale":"es_ES","og_type":"article","og_title":"About Us Industrial Machine Solutions","og_description":"Your industrial machine solutions partner, with good quality and optimum prices from Turkish machine suppliers.","og_url":"https:\/\/www.technicmachines.com\/es\/about-us\/","og_site_name":"Technic Machines","article_publisher":"https:\/\/www.facebook.com\/TechnicMachines","article_modified_time":"2023-09-17T11:00:25+00:00","og_image":[{"width":1456,"height":972,"url":"https:\/\/www.technicmachines.com\/wp-content\/uploads\/2023\/09\/LOGO-1.png","type":"image\/png"}],"twitter_card":"summary_large_image","twitter_site":"@technicmachines","twitter_misc":{"Tiempo de lectura":"2 minutos"},"schema":{"@context":"https:\/\/schema.org","@graph":[{"@type":"WebPage","@id":"https:\/\/www.technicmachines.com\/about-us\/","url":"https:\/\/www.technicmachines.com\/about-us\/","name":"Sobre nosotros - Technic Machines","isPartOf":{"@id":"https:\/\/www.technicmachines.com\/#website"},"datePublished":"2023-05-10T13:43:44+00:00","dateModified":"2023-09-17T11:00:25+00:00","description":"Technic Machines, proveedor de maquinaria industrial ubicado en Estambul Turqu\u00eda, exporta a m\u00e1s de 70 pa\u00edses hasta hoy.","breadcrumb":{"@id":"https:\/\/www.technicmachines.com\/about-us\/#breadcrumb"},"inLanguage":"es","potentialAction":[{"@type":"ReadAction","target":["https:\/\/www.technicmachines.com\/about-us\/"]}]},{"@type":"BreadcrumbList","@id":"https:\/\/www.technicmachines.com\/about-us\/#breadcrumb","itemListElement":[{"@type":"ListItem","position":1,"name":"Home","item":"https:\/\/www.technicmachines.com\/es\/"},{"@type":"ListItem","position":2,"name":"About Us"}]},{"@type":"WebSite","@id":"https:\/\/www.technicmachines.com\/#website","url":"https:\/\/www.technicmachines.com\/","name":"Technic Machines","description":"Socio de soluciones de maquinaria industrial","publisher":{"@id":"https:\/\/www.technicmachines.com\/#organization"},"alternateName":"Technic Machines","potentialAction":[{"@type":"SearchAction","target":{"@type":"EntryPoint","urlTemplate":"https:\/\/www.technicmachines.com\/?s={search_term_string}"},"query-input":{"@type":"PropertyValueSpecification","valueRequired":true,"valueName":"search_term_string"}}],"inLanguage":"es"},{"@type":"Organization","@id":"https:\/\/www.technicmachines.com\/#organization","name":"Technic Machines","alternateName":"Technic Machines","url":"https:\/\/www.technicmachines.com\/","logo":{"@type":"ImageObject","inLanguage":"es","@id":"https:\/\/www.technicmachines.com\/#\/schema\/logo\/image\/","url":"https:\/\/www.technicmachines.com\/wp-content\/uploads\/2023\/09\/LOGO-1.png","contentUrl":"https:\/\/www.technicmachines.com\/wp-content\/uploads\/2023\/09\/LOGO-1.png","width":1456,"height":972,"caption":"Technic Machines"},"image":{"@id":"https:\/\/www.technicmachines.com\/#\/schema\/logo\/image\/"},"sameAs":["https:\/\/www.facebook.com\/TechnicMachines","https:\/\/x.com\/technicmachines","https:\/\/www.youtube.com\/technicmachines","https:\/\/www.linkedin.com\/company\/technicmachines","https:\/\/www.instagram.com\/technicmachines"]}]}},"_links":{"self":[{"href":"https:\/\/www.technicmachines.com\/es\/wp-json\/wp\/v2\/pages\/10","targetHints":{"allow":["GET"]}}],"collection":[{"href":"https:\/\/www.technicmachines.com\/es\/wp-json\/wp\/v2\/pages"}],"about":[{"href":"https:\/\/www.technicmachines.com\/es\/wp-json\/wp\/v2\/types\/page"}],"author":[{"embeddable":true,"href":"https:\/\/www.technicmachines.com\/es\/wp-json\/wp\/v2\/users\/1"}],"replies":[{"embeddable":true,"href":"https:\/\/www.technicmachines.com\/es\/wp-json\/wp\/v2\/comments?post=10"}],"version-history":[{"count":3,"href":"https:\/\/www.technicmachines.com\/es\/wp-json\/wp\/v2\/pages\/10\/revisions"}],"predecessor-version":[{"id":1871,"href":"https:\/\/www.technicmachines.com\/es\/wp-json\/wp\/v2\/pages\/10\/revisions\/1871"}],"wp:attachment":[{"href":"https:\/\/www.technicmachines.com\/es\/wp-json\/wp\/v2\/media?parent=10"}],"curies":[{"name":"wp","href":"https:\/\/api.w.org\/{rel}","templated":true}]}}