{"id":10,"date":"2023-05-10T16:43:44","date_gmt":"2023-05-10T13:43:44","guid":{"rendered":"http:\/\/localhost\/technicmachines\/?page_id=10"},"modified":"2023-09-17T14:00:25","modified_gmt":"2023-09-17T11:00:25","slug":"about-us","status":"publish","type":"page","link":"https:\/\/www.technicmachines.com\/fr\/about-us\/","title":{"rendered":"\u00c0 Propos"},"content":{"rendered":"<p>En tant que Technic Machines, notre objectif principal est de trouver pour nos clients les solutions optimales.<\/p>\n\n\n\n<p>Nous avons plus de 10 ans d'exp\u00e9rience dans l'industrie des machines et nous avons export\u00e9 nos machines dans plus de 70 pays jusqu'\u00e0 aujourd'hui.<\/p>\n\n\n\n<p>L'industrie turque des machines est riche en nombre de fabricants, il est donc difficile pour les clients \u00e9trangers de trouver le bon fabricant lors de leur recherche de machines. Nous offrons un service \u00e0 nos clients sur ce point particulier, avec l'aide de notre grande exp\u00e9rience, nous pouvons facilement trouver les meilleures solutions pour nos clients. En tant que Technic Machines, nous entretenons depuis longtemps de bonnes relations avec nos producteurs, ce qui nous permet d'offrir le meilleur service possible.<\/p>\n\n\n\n<p>Notre objectif est d'entretenir de bonnes relations avec nos clients et de leur offrir le meilleur service possible. C'est pourquoi nous augmentons facilement nos ventes chaque ann\u00e9e et \u00e9tendons nos exportations \u00e0 de nouveaux pays et continents. Avoir des clients satisfaits est notre objectif principal depuis plus de 10 ans d'exp\u00e9rience et gr\u00e2ce \u00e0 cette perspective, nous avons export\u00e9 dans plus de 70 pays jusqu'\u00e0 aujourd'hui.<\/p>\n\n\n\n<p>Nous vous invitons \u00e0 nous contacter pour toute recherche de machine industrielle en Turquie, nous nous efforcerons de vous fournir les meilleures solutions.<\/p>","protected":false},"excerpt":{"rendered":"En tant que Technic Machines, notre objectif principal est de trouver pour nos clients les solutions optimales. Nous avons plus de 10 ans d'exp\u00e9rience dans l'industrie des machines et nous avons export\u00e9 nos machines dans plus de 70 pays jusqu'\u00e0 aujourd'hui. L'industrie turque des machines est riche en nombre de fabricants, il est donc difficile de trouver le bon producteur.","protected":false},"author":1,"featured_media":0,"parent":0,"menu_order":4,"comment_status":"closed","ping_status":"closed","template":"","meta":{"footnotes":""},"class_list":["post-10","page","type-page","status-publish","hentry"],"yoast_head":"<!-- This site is optimized with the Yoast SEO Premium plugin v26.6 (Yoast SEO v26.6) - https:\/\/yoast.com\/wordpress\/plugins\/seo\/ -->\n<title>About Us - Technic Machines<\/title>\n<meta name=\"description\" content=\"Technic Machines, industrial machine supplier located in Istanbul Turkey, exported more than 70 countries until today.\" \/>\n<meta name=\"robots\" content=\"index, follow, max-snippet:-1, max-image-preview:large, max-video-preview:-1\" \/>\n<link rel=\"canonical\" href=\"https:\/\/www.technicmachines.com\/fr\/about-us\/\" \/>\n<meta property=\"og:locale\" content=\"fr_FR\" \/>\n<meta property=\"og:type\" content=\"article\" \/>\n<meta property=\"og:title\" content=\"About Us Industrial Machine Solutions\" \/>\n<meta property=\"og:description\" content=\"Your industrial machine solutions partner, with good quality and optimum prices from Turkish machine suppliers.\" \/>\n<meta property=\"og:url\" content=\"https:\/\/www.technicmachines.com\/fr\/about-us\/\" \/>\n<meta property=\"og:site_name\" content=\"Technic Machines\" \/>\n<meta property=\"article:publisher\" content=\"https:\/\/www.facebook.com\/TechnicMachines\" \/>\n<meta property=\"article:modified_time\" content=\"2023-09-17T11:00:25+00:00\" \/>\n<meta property=\"og:image\" content=\"https:\/\/www.technicmachines.com\/wp-content\/uploads\/2023\/09\/LOGO-1.png\" \/>\n\t<meta property=\"og:image:width\" content=\"1456\" \/>\n\t<meta property=\"og:image:height\" content=\"972\" \/>\n\t<meta property=\"og:image:type\" content=\"image\/png\" \/>\n<meta name=\"twitter:card\" content=\"summary_large_image\" \/>\n<meta name=\"twitter:site\" content=\"@technicmachines\" \/>\n<meta name=\"twitter:label1\" content=\"Dur\u00e9e de lecture estim\u00e9e\" \/>\n\t<meta name=\"twitter:data1\" content=\"2 minutes\" \/>\n<script type=\"application\/ld+json\" class=\"yoast-schema-graph\">{\"@context\":\"https:\/\/schema.org\",\"@graph\":[{\"@type\":\"WebPage\",\"@id\":\"https:\/\/www.technicmachines.com\/about-us\/\",\"url\":\"https:\/\/www.technicmachines.com\/about-us\/\",\"name\":\"About Us - Technic Machines\",\"isPartOf\":{\"@id\":\"https:\/\/www.technicmachines.com\/#website\"},\"datePublished\":\"2023-05-10T13:43:44+00:00\",\"dateModified\":\"2023-09-17T11:00:25+00:00\",\"description\":\"Technic Machines, industrial machine supplier located in Istanbul Turkey, exported more than 70 countries until today.\",\"breadcrumb\":{\"@id\":\"https:\/\/www.technicmachines.com\/about-us\/#breadcrumb\"},\"inLanguage\":\"fr-FR\",\"potentialAction\":[{\"@type\":\"ReadAction\",\"target\":[\"https:\/\/www.technicmachines.com\/about-us\/\"]}]},{\"@type\":\"BreadcrumbList\",\"@id\":\"https:\/\/www.technicmachines.com\/about-us\/#breadcrumb\",\"itemListElement\":[{\"@type\":\"ListItem\",\"position\":1,\"name\":\"Home\",\"item\":\"https:\/\/www.technicmachines.com\/es\/\"},{\"@type\":\"ListItem\",\"position\":2,\"name\":\"About Us\"}]},{\"@type\":\"WebSite\",\"@id\":\"https:\/\/www.technicmachines.com\/#website\",\"url\":\"https:\/\/www.technicmachines.com\/\",\"name\":\"Technic Machines\",\"description\":\"Industrial Machine Solutions Partner\",\"publisher\":{\"@id\":\"https:\/\/www.technicmachines.com\/#organization\"},\"alternateName\":\"Technic Machines\",\"potentialAction\":[{\"@type\":\"SearchAction\",\"target\":{\"@type\":\"EntryPoint\",\"urlTemplate\":\"https:\/\/www.technicmachines.com\/?s={search_term_string}\"},\"query-input\":{\"@type\":\"PropertyValueSpecification\",\"valueRequired\":true,\"valueName\":\"search_term_string\"}}],\"inLanguage\":\"fr-FR\"},{\"@type\":\"Organization\",\"@id\":\"https:\/\/www.technicmachines.com\/#organization\",\"name\":\"Technic Machines\",\"alternateName\":\"Technic Machines\",\"url\":\"https:\/\/www.technicmachines.com\/\",\"logo\":{\"@type\":\"ImageObject\",\"inLanguage\":\"fr-FR\",\"@id\":\"https:\/\/www.technicmachines.com\/#\/schema\/logo\/image\/\",\"url\":\"https:\/\/www.technicmachines.com\/wp-content\/uploads\/2023\/09\/LOGO-1.png\",\"contentUrl\":\"https:\/\/www.technicmachines.com\/wp-content\/uploads\/2023\/09\/LOGO-1.png\",\"width\":1456,\"height\":972,\"caption\":\"Technic Machines\"},\"image\":{\"@id\":\"https:\/\/www.technicmachines.com\/#\/schema\/logo\/image\/\"},\"sameAs\":[\"https:\/\/www.facebook.com\/TechnicMachines\",\"https:\/\/x.com\/technicmachines\",\"https:\/\/www.youtube.com\/technicmachines\",\"https:\/\/www.linkedin.com\/company\/technicmachines\",\"https:\/\/www.instagram.com\/technicmachines\"]}]}<\/script>\n<!-- \/ Yoast SEO Premium plugin. -->","yoast_head_json":{"title":"A propos de nous - Technic Machines","description":"Technic Machines, fournisseur de machines industrielles situ\u00e9 \u00e0 Istanbul en Turquie, a export\u00e9 dans plus de 70 pays jusqu'\u00e0 aujourd'hui.","robots":{"index":"index","follow":"follow","max-snippet":"max-snippet:-1","max-image-preview":"max-image-preview:large","max-video-preview":"max-video-preview:-1"},"canonical":"https:\/\/www.technicmachines.com\/fr\/about-us\/","og_locale":"fr_FR","og_type":"article","og_title":"About Us Industrial Machine Solutions","og_description":"Your industrial machine solutions partner, with good quality and optimum prices from Turkish machine suppliers.","og_url":"https:\/\/www.technicmachines.com\/fr\/about-us\/","og_site_name":"Technic Machines","article_publisher":"https:\/\/www.facebook.com\/TechnicMachines","article_modified_time":"2023-09-17T11:00:25+00:00","og_image":[{"width":1456,"height":972,"url":"https:\/\/www.technicmachines.com\/wp-content\/uploads\/2023\/09\/LOGO-1.png","type":"image\/png"}],"twitter_card":"summary_large_image","twitter_site":"@technicmachines","twitter_misc":{"Dur\u00e9e de lecture estim\u00e9e":"2 minutes"},"schema":{"@context":"https:\/\/schema.org","@graph":[{"@type":"WebPage","@id":"https:\/\/www.technicmachines.com\/about-us\/","url":"https:\/\/www.technicmachines.com\/about-us\/","name":"A propos de nous - Technic Machines","isPartOf":{"@id":"https:\/\/www.technicmachines.com\/#website"},"datePublished":"2023-05-10T13:43:44+00:00","dateModified":"2023-09-17T11:00:25+00:00","description":"Technic Machines, fournisseur de machines industrielles situ\u00e9 \u00e0 Istanbul en Turquie, a export\u00e9 dans plus de 70 pays jusqu'\u00e0 aujourd'hui.","breadcrumb":{"@id":"https:\/\/www.technicmachines.com\/about-us\/#breadcrumb"},"inLanguage":"fr-FR","potentialAction":[{"@type":"ReadAction","target":["https:\/\/www.technicmachines.com\/about-us\/"]}]},{"@type":"BreadcrumbList","@id":"https:\/\/www.technicmachines.com\/about-us\/#breadcrumb","itemListElement":[{"@type":"ListItem","position":1,"name":"Home","item":"https:\/\/www.technicmachines.com\/es\/"},{"@type":"ListItem","position":2,"name":"About Us"}]},{"@type":"WebSite","@id":"https:\/\/www.technicmachines.com\/#website","url":"https:\/\/www.technicmachines.com\/","name":"Technic Machines","description":"Partenaire pour les solutions de machines industrielles","publisher":{"@id":"https:\/\/www.technicmachines.com\/#organization"},"alternateName":"Technic Machines","potentialAction":[{"@type":"SearchAction","target":{"@type":"EntryPoint","urlTemplate":"https:\/\/www.technicmachines.com\/?s={search_term_string}"},"query-input":{"@type":"PropertyValueSpecification","valueRequired":true,"valueName":"search_term_string"}}],"inLanguage":"fr-FR"},{"@type":"Organization","@id":"https:\/\/www.technicmachines.com\/#organization","name":"Technic Machines","alternateName":"Technic Machines","url":"https:\/\/www.technicmachines.com\/","logo":{"@type":"ImageObject","inLanguage":"fr-FR","@id":"https:\/\/www.technicmachines.com\/#\/schema\/logo\/image\/","url":"https:\/\/www.technicmachines.com\/wp-content\/uploads\/2023\/09\/LOGO-1.png","contentUrl":"https:\/\/www.technicmachines.com\/wp-content\/uploads\/2023\/09\/LOGO-1.png","width":1456,"height":972,"caption":"Technic Machines"},"image":{"@id":"https:\/\/www.technicmachines.com\/#\/schema\/logo\/image\/"},"sameAs":["https:\/\/www.facebook.com\/TechnicMachines","https:\/\/x.com\/technicmachines","https:\/\/www.youtube.com\/technicmachines","https:\/\/www.linkedin.com\/company\/technicmachines","https:\/\/www.instagram.com\/technicmachines"]}]}},"_links":{"self":[{"href":"https:\/\/www.technicmachines.com\/fr\/wp-json\/wp\/v2\/pages\/10","targetHints":{"allow":["GET"]}}],"collection":[{"href":"https:\/\/www.technicmachines.com\/fr\/wp-json\/wp\/v2\/pages"}],"about":[{"href":"https:\/\/www.technicmachines.com\/fr\/wp-json\/wp\/v2\/types\/page"}],"author":[{"embeddable":true,"href":"https:\/\/www.technicmachines.com\/fr\/wp-json\/wp\/v2\/users\/1"}],"replies":[{"embeddable":true,"href":"https:\/\/www.technicmachines.com\/fr\/wp-json\/wp\/v2\/comments?post=10"}],"version-history":[{"count":3,"href":"https:\/\/www.technicmachines.com\/fr\/wp-json\/wp\/v2\/pages\/10\/revisions"}],"predecessor-version":[{"id":1871,"href":"https:\/\/www.technicmachines.com\/fr\/wp-json\/wp\/v2\/pages\/10\/revisions\/1871"}],"wp:attachment":[{"href":"https:\/\/www.technicmachines.com\/fr\/wp-json\/wp\/v2\/media?parent=10"}],"curies":[{"name":"wp","href":"https:\/\/api.w.org\/{rel}","templated":true}]}}