{"id":12,"date":"2023-05-10T16:45:22","date_gmt":"2023-05-10T13:45:22","guid":{"rendered":"http:\/\/localhost\/technicmachines\/?page_id=12"},"modified":"2023-09-17T14:09:24","modified_gmt":"2023-09-17T11:09:24","slug":"services","status":"publish","type":"page","link":"https:\/\/www.technicmachines.com\/fr\/services\/","title":{"rendered":"Services"},"content":{"rendered":"<p>Gr\u00e2ce \u00e0 nos bonnes relations avec les fournisseurs, nous pouvons r\u00e9pondre \u00e0 de nombreuses demandes diff\u00e9rentes \u00e0 partir de notre portefeuille actuel.  Si nous ne pouvons pas r\u00e9pondre aux demandes de nos clients \u00e0 partir de notre portefeuille, nous effectuons des \u00e9tudes de march\u00e9 en fonction de leurs demandes et essayons de trouver la meilleure solution pour nos clients.<\/p>\n\n\n\n<div class=\"wp-block-columns is-layout-flex wp-container-core-columns-is-layout-9d6595d7 wp-block-columns-is-layout-flex\">\n<div class=\"wp-block-column is-layout-flow wp-block-column-is-layout-flow\">\n<p class=\"renkli\">1<\/p>\n\n\n\n<p><strong>Garantie :<\/strong><\/p>\n\n\n\n<p>Chaque fournisseur a des proc\u00e9dures de garantie diff\u00e9rentes, c'est pourquoi, sur demande, nous vous informerons des d\u00e9tails en fonction de vos exigences.<\/p>\n<\/div>\n\n\n\n<div class=\"wp-block-column is-layout-flow wp-block-column-is-layout-flow\">\n<p class=\"renkli\">2<\/p>\n\n\n\n<p><strong>Livraison :<\/strong><\/p>\n\n\n\n<p>Apr\u00e8s la production des machines, nous suivons le processus d'essai et de chargement pour nos clients afin de nous assurer des performances de la machine, de l'emballage et de l'arrimage, etc. Nous pr\u00e9f\u00e9rons \u00e9galement proposer des prix EX-Works dans notre premi\u00e8re offre de prix, apr\u00e8s quoi nous pouvons ajouter les frais d'exp\u00e9dition en fonction de la demande de nos clients.<\/p>\n<\/div>\n\n\n\n<div class=\"wp-block-column is-layout-flow wp-block-column-is-layout-flow\">\n<p class=\"renkli\">3<\/p>\n\n\n\n<p><strong>Analyse des produits<\/strong>:<\/p>\n\n\n\n<p>Gr\u00e2ce \u00e0 notre longue exp\u00e9rience dans l'industrie des machines, nous trouverons et proposerons des solutions optimales \u00e0 nos clients. Si n\u00e9cessaire, nous r\u00e9alisons des \u00e9tudes de march\u00e9 d\u00e9taill\u00e9es pour nous assurer que nos produits r\u00e9pondent aux exigences de nos clients.<\/p>\n<\/div>\n<\/div>","protected":false},"excerpt":{"rendered":"Gr\u00e2ce \u00e0 nos bonnes relations avec les fournisseurs, nous pouvons r\u00e9pondre \u00e0 de nombreuses demandes diff\u00e9rentes \u00e0 partir de notre portefeuille actuel.  Si nous ne pouvons pas r\u00e9pondre aux demandes de nos clients \u00e0 partir de notre portefeuille, nous effectuons des \u00e9tudes de march\u00e9 en fonction de leurs demandes et essayons de trouver la meilleure solution pour nos clients. 1 Garantie : Chaque fournisseur a des garanties diff\u00e9rentes","protected":false},"author":1,"featured_media":0,"parent":0,"menu_order":6,"comment_status":"closed","ping_status":"closed","template":"","meta":{"footnotes":""},"class_list":["post-12","page","type-page","status-publish","hentry"],"yoast_head":"<!-- This site is optimized with the Yoast SEO Premium plugin v26.6 (Yoast SEO v26.6) - https:\/\/yoast.com\/wordpress\/plugins\/seo\/ -->\n<title>Services - Technic Machines<\/title>\n<meta name=\"description\" content=\"As Technic Machines, we provide the best services for our customers from order to start-up, we are always together with our customers.\" \/>\n<meta name=\"robots\" content=\"index, follow, max-snippet:-1, max-image-preview:large, max-video-preview:-1\" \/>\n<link rel=\"canonical\" href=\"https:\/\/www.technicmachines.com\/fr\/services\/\" \/>\n<meta property=\"og:locale\" content=\"fr_FR\" \/>\n<meta property=\"og:type\" content=\"article\" \/>\n<meta property=\"og:title\" content=\"Services Industrial Machine Solutions\" \/>\n<meta property=\"og:description\" content=\"Your industrial machine solutions partner, with good quality and optimum prices from Turkish machine suppliers.\" \/>\n<meta property=\"og:url\" content=\"https:\/\/www.technicmachines.com\/fr\/services\/\" \/>\n<meta property=\"og:site_name\" content=\"Technic Machines\" \/>\n<meta property=\"article:publisher\" content=\"https:\/\/www.facebook.com\/TechnicMachines\" \/>\n<meta property=\"article:modified_time\" content=\"2023-09-17T11:09:24+00:00\" \/>\n<meta property=\"og:image\" content=\"https:\/\/www.technicmachines.com\/wp-content\/uploads\/2023\/09\/LOGO-1.png\" \/>\n\t<meta property=\"og:image:width\" content=\"1456\" \/>\n\t<meta property=\"og:image:height\" content=\"972\" \/>\n\t<meta property=\"og:image:type\" content=\"image\/png\" \/>\n<meta name=\"twitter:card\" content=\"summary_large_image\" \/>\n<meta name=\"twitter:site\" content=\"@technicmachines\" \/>\n<meta name=\"twitter:label1\" content=\"Dur\u00e9e de lecture estim\u00e9e\" \/>\n\t<meta name=\"twitter:data1\" content=\"1 minute\" \/>\n<script type=\"application\/ld+json\" class=\"yoast-schema-graph\">{\"@context\":\"https:\/\/schema.org\",\"@graph\":[{\"@type\":\"WebPage\",\"@id\":\"https:\/\/www.technicmachines.com\/services\/\",\"url\":\"https:\/\/www.technicmachines.com\/services\/\",\"name\":\"Services - Technic Machines\",\"isPartOf\":{\"@id\":\"https:\/\/www.technicmachines.com\/#website\"},\"datePublished\":\"2023-05-10T13:45:22+00:00\",\"dateModified\":\"2023-09-17T11:09:24+00:00\",\"description\":\"As Technic Machines, we provide the best services for our customers from order to start-up, we are always together with our customers.\",\"breadcrumb\":{\"@id\":\"https:\/\/www.technicmachines.com\/services\/#breadcrumb\"},\"inLanguage\":\"fr-FR\",\"potentialAction\":[{\"@type\":\"ReadAction\",\"target\":[\"https:\/\/www.technicmachines.com\/services\/\"]}]},{\"@type\":\"BreadcrumbList\",\"@id\":\"https:\/\/www.technicmachines.com\/services\/#breadcrumb\",\"itemListElement\":[{\"@type\":\"ListItem\",\"position\":1,\"name\":\"Home\",\"item\":\"https:\/\/www.technicmachines.com\/es\/\"},{\"@type\":\"ListItem\",\"position\":2,\"name\":\"Services\"}]},{\"@type\":\"WebSite\",\"@id\":\"https:\/\/www.technicmachines.com\/#website\",\"url\":\"https:\/\/www.technicmachines.com\/\",\"name\":\"Technic Machines\",\"description\":\"Industrial Machine Solutions Partner\",\"publisher\":{\"@id\":\"https:\/\/www.technicmachines.com\/#organization\"},\"alternateName\":\"Technic Machines\",\"potentialAction\":[{\"@type\":\"SearchAction\",\"target\":{\"@type\":\"EntryPoint\",\"urlTemplate\":\"https:\/\/www.technicmachines.com\/?s={search_term_string}\"},\"query-input\":{\"@type\":\"PropertyValueSpecification\",\"valueRequired\":true,\"valueName\":\"search_term_string\"}}],\"inLanguage\":\"fr-FR\"},{\"@type\":\"Organization\",\"@id\":\"https:\/\/www.technicmachines.com\/#organization\",\"name\":\"Technic Machines\",\"alternateName\":\"Technic Machines\",\"url\":\"https:\/\/www.technicmachines.com\/\",\"logo\":{\"@type\":\"ImageObject\",\"inLanguage\":\"fr-FR\",\"@id\":\"https:\/\/www.technicmachines.com\/#\/schema\/logo\/image\/\",\"url\":\"https:\/\/www.technicmachines.com\/wp-content\/uploads\/2023\/09\/LOGO-1.png\",\"contentUrl\":\"https:\/\/www.technicmachines.com\/wp-content\/uploads\/2023\/09\/LOGO-1.png\",\"width\":1456,\"height\":972,\"caption\":\"Technic Machines\"},\"image\":{\"@id\":\"https:\/\/www.technicmachines.com\/#\/schema\/logo\/image\/\"},\"sameAs\":[\"https:\/\/www.facebook.com\/TechnicMachines\",\"https:\/\/x.com\/technicmachines\",\"https:\/\/www.youtube.com\/technicmachines\",\"https:\/\/www.linkedin.com\/company\/technicmachines\",\"https:\/\/www.instagram.com\/technicmachines\"]}]}<\/script>\n<!-- \/ Yoast SEO Premium plugin. -->","yoast_head_json":{"title":"Services - Technic Machines","description":"En tant que Technic Machines, nous fournissons les meilleurs services \u00e0 nos clients, de la commande \u00e0 la mise en service, nous sommes toujours aux c\u00f4t\u00e9s de nos clients.","robots":{"index":"index","follow":"follow","max-snippet":"max-snippet:-1","max-image-preview":"max-image-preview:large","max-video-preview":"max-video-preview:-1"},"canonical":"https:\/\/www.technicmachines.com\/fr\/services\/","og_locale":"fr_FR","og_type":"article","og_title":"Services Industrial Machine Solutions","og_description":"Your industrial machine solutions partner, with good quality and optimum prices from Turkish machine suppliers.","og_url":"https:\/\/www.technicmachines.com\/fr\/services\/","og_site_name":"Technic Machines","article_publisher":"https:\/\/www.facebook.com\/TechnicMachines","article_modified_time":"2023-09-17T11:09:24+00:00","og_image":[{"width":1456,"height":972,"url":"https:\/\/www.technicmachines.com\/wp-content\/uploads\/2023\/09\/LOGO-1.png","type":"image\/png"}],"twitter_card":"summary_large_image","twitter_site":"@technicmachines","twitter_misc":{"Dur\u00e9e de lecture estim\u00e9e":"1 minute"},"schema":{"@context":"https:\/\/schema.org","@graph":[{"@type":"WebPage","@id":"https:\/\/www.technicmachines.com\/services\/","url":"https:\/\/www.technicmachines.com\/services\/","name":"Services - Technic Machines","isPartOf":{"@id":"https:\/\/www.technicmachines.com\/#website"},"datePublished":"2023-05-10T13:45:22+00:00","dateModified":"2023-09-17T11:09:24+00:00","description":"En tant que Technic Machines, nous fournissons les meilleurs services \u00e0 nos clients, de la commande \u00e0 la mise en service, nous sommes toujours aux c\u00f4t\u00e9s de nos clients.","breadcrumb":{"@id":"https:\/\/www.technicmachines.com\/services\/#breadcrumb"},"inLanguage":"fr-FR","potentialAction":[{"@type":"ReadAction","target":["https:\/\/www.technicmachines.com\/services\/"]}]},{"@type":"BreadcrumbList","@id":"https:\/\/www.technicmachines.com\/services\/#breadcrumb","itemListElement":[{"@type":"ListItem","position":1,"name":"Home","item":"https:\/\/www.technicmachines.com\/es\/"},{"@type":"ListItem","position":2,"name":"Services"}]},{"@type":"WebSite","@id":"https:\/\/www.technicmachines.com\/#website","url":"https:\/\/www.technicmachines.com\/","name":"Technic Machines","description":"Partenaire pour les solutions de machines industrielles","publisher":{"@id":"https:\/\/www.technicmachines.com\/#organization"},"alternateName":"Technic Machines","potentialAction":[{"@type":"SearchAction","target":{"@type":"EntryPoint","urlTemplate":"https:\/\/www.technicmachines.com\/?s={search_term_string}"},"query-input":{"@type":"PropertyValueSpecification","valueRequired":true,"valueName":"search_term_string"}}],"inLanguage":"fr-FR"},{"@type":"Organization","@id":"https:\/\/www.technicmachines.com\/#organization","name":"Technic Machines","alternateName":"Technic Machines","url":"https:\/\/www.technicmachines.com\/","logo":{"@type":"ImageObject","inLanguage":"fr-FR","@id":"https:\/\/www.technicmachines.com\/#\/schema\/logo\/image\/","url":"https:\/\/www.technicmachines.com\/wp-content\/uploads\/2023\/09\/LOGO-1.png","contentUrl":"https:\/\/www.technicmachines.com\/wp-content\/uploads\/2023\/09\/LOGO-1.png","width":1456,"height":972,"caption":"Technic Machines"},"image":{"@id":"https:\/\/www.technicmachines.com\/#\/schema\/logo\/image\/"},"sameAs":["https:\/\/www.facebook.com\/TechnicMachines","https:\/\/x.com\/technicmachines","https:\/\/www.youtube.com\/technicmachines","https:\/\/www.linkedin.com\/company\/technicmachines","https:\/\/www.instagram.com\/technicmachines"]}]}},"_links":{"self":[{"href":"https:\/\/www.technicmachines.com\/fr\/wp-json\/wp\/v2\/pages\/12","targetHints":{"allow":["GET"]}}],"collection":[{"href":"https:\/\/www.technicmachines.com\/fr\/wp-json\/wp\/v2\/pages"}],"about":[{"href":"https:\/\/www.technicmachines.com\/fr\/wp-json\/wp\/v2\/types\/page"}],"author":[{"embeddable":true,"href":"https:\/\/www.technicmachines.com\/fr\/wp-json\/wp\/v2\/users\/1"}],"replies":[{"embeddable":true,"href":"https:\/\/www.technicmachines.com\/fr\/wp-json\/wp\/v2\/comments?post=12"}],"version-history":[{"count":6,"href":"https:\/\/www.technicmachines.com\/fr\/wp-json\/wp\/v2\/pages\/12\/revisions"}],"predecessor-version":[{"id":630,"href":"https:\/\/www.technicmachines.com\/fr\/wp-json\/wp\/v2\/pages\/12\/revisions\/630"}],"wp:attachment":[{"href":"https:\/\/www.technicmachines.com\/fr\/wp-json\/wp\/v2\/media?parent=12"}],"curies":[{"name":"wp","href":"https:\/\/api.w.org\/{rel}","templated":true}]}}