{"id":7,"date":"2023-05-10T16:31:30","date_gmt":"2023-05-10T13:31:30","guid":{"rendered":"http:\/\/localhost\/technicmachines\/?page_id=7"},"modified":"2024-02-25T13:19:20","modified_gmt":"2024-02-25T10:19:20","slug":"technic-machines","status":"publish","type":"page","link":"https:\/\/www.technicmachines.com\/fr\/","title":{"rendered":"Pourquoi Technic Machines ?"},"content":{"rendered":"<div class=\"wp-block-columns is-layout-flex wp-container-core-columns-is-layout-9d6595d7 wp-block-columns-is-layout-flex\">\n<div class=\"wp-block-column is-layout-flow wp-block-column-is-layout-flow\" style=\"flex-basis:29.5%\">\n<figure class=\"wp-block-image size-full is-style-default\"><img loading=\"lazy\" decoding=\"async\" width=\"450\" height=\"450\" src=\"https:\/\/www.technicmachines.com\/wp-content\/uploads\/2024\/02\/tecnic-machines-welcome.webp\" alt=\"\" class=\"wp-image-2661\" srcset=\"https:\/\/www.technicmachines.com\/wp-content\/uploads\/2024\/02\/tecnic-machines-welcome.webp 450w, https:\/\/www.technicmachines.com\/wp-content\/uploads\/2024\/02\/tecnic-machines-welcome-250x250.webp 250w, https:\/\/www.technicmachines.com\/wp-content\/uploads\/2024\/02\/tecnic-machines-welcome-150x150.webp 150w, https:\/\/www.technicmachines.com\/wp-content\/uploads\/2024\/02\/tecnic-machines-welcome-120x120.webp 120w\" sizes=\"auto, (max-width: 450px) 100vw, 450px\" \/><\/figure>\n<\/div>\n\n\n\n<div class=\"wp-block-column giris-p is-layout-flow wp-block-column-is-layout-flow\">\n<p class=\"has-medium-font-size\"><strong>Notre travail :<\/strong><\/p>\n\n\n\n<p>Depuis plus de 10 ans, nous fournissons des solutions de machines industrielles \u00e0 nos clients dans diff\u00e9rents domaines, principalement des machines pour l'usinage des m\u00e9taux et le traitement des mati\u00e8res plastiques, et nous effectuons des recherches approfondies dans diff\u00e9rents domaines en fonction des demandes de nos clients.<\/p>\n\n\n\n<p class=\"has-medium-font-size\"><strong>Nos avantages :<\/strong><\/p>\n\n\n\n<ul class=\"wp-block-list\">\n<li>Plus de 10 ans d'exp\u00e9rience dans l'industrie m\u00e9canique<\/li>\n\n\n\n<li>Export\u00e9 dans plus de 70 pays jusqu'\u00e0 aujourd'hui<\/li>\n\n\n\n<li>Suivi de toutes les \u00e9tapes pour nos clients<\/li>\n\n\n\n<li>Contr\u00f4le des processus de la commande \u00e0 la livraison et au d\u00e9marrage<\/li>\n\n\n\n<li>Grande base de donn\u00e9es sur les producteurs de machines turcs<\/li>\n\n\n\n<li>Solution optimale et meilleure pour chaque client<\/li>\n\n\n\n<li>\u00c9tudes de march\u00e9 d\u00e9taill\u00e9es pour nos clients<\/li>\n\n\n\n<li>Les meilleurs prix pour la meilleure qualit\u00e9<\/li>\n\n\n\n<li>Gagner du temps sur les \u00e9tudes de march\u00e9<\/li>\n\n\n\n<li>Gagner du temps sur le contr\u00f4le de la production<\/li>\n\n\n\n<li>Gagner du temps sur le processus de livraison<\/li>\n<\/ul>\n<\/div>\n<\/div>\n\n\n\n<p><\/p>","protected":false},"excerpt":{"rendered":"Notre travail : Depuis plus de 10 ans, nous fournissons des solutions de machines industrielles \u00e0 nos clients dans diff\u00e9rents domaines, principalement des machines pour le travail du m\u00e9tal et le traitement du plastique. Nous effectuons \u00e9galement des recherches d\u00e9taill\u00e9es dans diff\u00e9rents domaines en fonction des demandes de nos clients. Nos avantages :","protected":false},"author":1,"featured_media":0,"parent":0,"menu_order":7,"comment_status":"closed","ping_status":"closed","template":"home.php","meta":{"footnotes":""},"class_list":["post-7","page","type-page","status-publish","hentry"],"yoast_head":"<!-- This site is optimized with the Yoast SEO Premium plugin v26.6 (Yoast SEO v26.6) - https:\/\/yoast.com\/wordpress\/plugins\/seo\/ -->\n<title>Technic Machines - Industrial Machine Solutions Partner<\/title>\n<meta name=\"description\" content=\"As Technic Machines, we exported our machines more than 70 countries until today, we provide the best industrial machine solutions.\" \/>\n<meta name=\"robots\" content=\"index, follow, max-snippet:-1, max-image-preview:large, max-video-preview:-1\" \/>\n<link rel=\"canonical\" href=\"https:\/\/www.technicmachines.com\/fr\/\" \/>\n<meta property=\"og:locale\" content=\"fr_FR\" \/>\n<meta property=\"og:type\" content=\"article\" \/>\n<meta property=\"og:title\" content=\"Why Technic Machines ? Industrial Machine Solutions\" \/>\n<meta property=\"og:description\" content=\"Your industrial machine solutions partner, with good quality and optimum prices from Turkish machine suppliers.\" \/>\n<meta property=\"og:url\" content=\"https:\/\/www.technicmachines.com\/fr\/\" \/>\n<meta property=\"og:site_name\" content=\"Technic Machines\" \/>\n<meta property=\"article:publisher\" content=\"https:\/\/www.facebook.com\/TechnicMachines\" \/>\n<meta property=\"article:modified_time\" content=\"2024-02-25T10:19:20+00:00\" \/>\n<meta property=\"og:image\" content=\"https:\/\/www.technicmachines.com\/wp-content\/uploads\/2024\/02\/tecnic-machines-welcome.webp\" \/>\n<meta name=\"twitter:card\" content=\"summary_large_image\" \/>\n<meta name=\"twitter:site\" content=\"@technicmachines\" \/>\n<meta name=\"twitter:label1\" content=\"Dur\u00e9e de lecture estim\u00e9e\" \/>\n\t<meta name=\"twitter:data1\" content=\"1 minute\" \/>\n<script type=\"application\/ld+json\" class=\"yoast-schema-graph\">{\"@context\":\"https:\/\/schema.org\",\"@graph\":[{\"@type\":\"WebPage\",\"@id\":\"https:\/\/www.technicmachines.com\/es\/\",\"url\":\"https:\/\/www.technicmachines.com\/es\/\",\"name\":\"Technic Machines - Industrial Machine Solutions Partner\",\"isPartOf\":{\"@id\":\"https:\/\/www.technicmachines.com\/#website\"},\"primaryImageOfPage\":{\"@id\":\"https:\/\/www.technicmachines.com\/es\/#primaryimage\"},\"image\":{\"@id\":\"https:\/\/www.technicmachines.com\/es\/#primaryimage\"},\"thumbnailUrl\":\"https:\/\/www.technicmachines.com\/wp-content\/uploads\/2024\/02\/tecnic-machines-welcome.webp\",\"datePublished\":\"2023-05-10T13:31:30+00:00\",\"dateModified\":\"2024-02-25T10:19:20+00:00\",\"description\":\"As Technic Machines, we exported our machines more than 70 countries until today, we provide the best industrial machine solutions.\",\"breadcrumb\":{\"@id\":\"https:\/\/www.technicmachines.com\/es\/#breadcrumb\"},\"inLanguage\":\"fr-FR\",\"potentialAction\":[{\"@type\":\"ReadAction\",\"target\":[\"https:\/\/www.technicmachines.com\/es\/\"]}]},{\"@type\":\"ImageObject\",\"inLanguage\":\"fr-FR\",\"@id\":\"https:\/\/www.technicmachines.com\/es\/#primaryimage\",\"url\":\"https:\/\/www.technicmachines.com\/wp-content\/uploads\/2024\/02\/tecnic-machines-welcome.webp\",\"contentUrl\":\"https:\/\/www.technicmachines.com\/wp-content\/uploads\/2024\/02\/tecnic-machines-welcome.webp\"},{\"@type\":\"BreadcrumbList\",\"@id\":\"https:\/\/www.technicmachines.com\/es\/#breadcrumb\",\"itemListElement\":[{\"@type\":\"ListItem\",\"position\":1,\"name\":\"Home\",\"item\":\"https:\/\/www.technicmachines.com\/es\/\"},{\"@type\":\"ListItem\",\"position\":2,\"name\":\"Why Technic Machines ?\"}]},{\"@type\":\"WebSite\",\"@id\":\"https:\/\/www.technicmachines.com\/#website\",\"url\":\"https:\/\/www.technicmachines.com\/\",\"name\":\"Technic Machines\",\"description\":\"Industrial Machine Solutions Partner\",\"publisher\":{\"@id\":\"https:\/\/www.technicmachines.com\/#organization\"},\"alternateName\":\"Technic Machines\",\"potentialAction\":[{\"@type\":\"SearchAction\",\"target\":{\"@type\":\"EntryPoint\",\"urlTemplate\":\"https:\/\/www.technicmachines.com\/?s={search_term_string}\"},\"query-input\":{\"@type\":\"PropertyValueSpecification\",\"valueRequired\":true,\"valueName\":\"search_term_string\"}}],\"inLanguage\":\"fr-FR\"},{\"@type\":\"Organization\",\"@id\":\"https:\/\/www.technicmachines.com\/#organization\",\"name\":\"Technic Machines\",\"alternateName\":\"Technic Machines\",\"url\":\"https:\/\/www.technicmachines.com\/\",\"logo\":{\"@type\":\"ImageObject\",\"inLanguage\":\"fr-FR\",\"@id\":\"https:\/\/www.technicmachines.com\/#\/schema\/logo\/image\/\",\"url\":\"https:\/\/www.technicmachines.com\/wp-content\/uploads\/2023\/09\/LOGO-1.png\",\"contentUrl\":\"https:\/\/www.technicmachines.com\/wp-content\/uploads\/2023\/09\/LOGO-1.png\",\"width\":1456,\"height\":972,\"caption\":\"Technic Machines\"},\"image\":{\"@id\":\"https:\/\/www.technicmachines.com\/#\/schema\/logo\/image\/\"},\"sameAs\":[\"https:\/\/www.facebook.com\/TechnicMachines\",\"https:\/\/x.com\/technicmachines\",\"https:\/\/www.youtube.com\/technicmachines\",\"https:\/\/www.linkedin.com\/company\/technicmachines\",\"https:\/\/www.instagram.com\/technicmachines\"]}]}<\/script>\n<!-- \/ Yoast SEO Premium plugin. -->","yoast_head_json":{"title":"Technic Machines - Partenaire de solutions pour machines industrielles","description":"En tant que Technic Machines, nous avons export\u00e9 nos machines dans plus de 70 pays jusqu'\u00e0 aujourd'hui, nous fournissons les meilleures solutions de machines industrielles.","robots":{"index":"index","follow":"follow","max-snippet":"max-snippet:-1","max-image-preview":"max-image-preview:large","max-video-preview":"max-video-preview:-1"},"canonical":"https:\/\/www.technicmachines.com\/fr\/","og_locale":"fr_FR","og_type":"article","og_title":"Why Technic Machines ? Industrial Machine Solutions","og_description":"Your industrial machine solutions partner, with good quality and optimum prices from Turkish machine suppliers.","og_url":"https:\/\/www.technicmachines.com\/fr\/","og_site_name":"Technic Machines","article_publisher":"https:\/\/www.facebook.com\/TechnicMachines","article_modified_time":"2024-02-25T10:19:20+00:00","og_image":[{"url":"https:\/\/www.technicmachines.com\/wp-content\/uploads\/2024\/02\/tecnic-machines-welcome.webp","type":"","width":"","height":""}],"twitter_card":"summary_large_image","twitter_site":"@technicmachines","twitter_misc":{"Dur\u00e9e de lecture estim\u00e9e":"1 minute"},"schema":{"@context":"https:\/\/schema.org","@graph":[{"@type":"WebPage","@id":"https:\/\/www.technicmachines.com\/es\/","url":"https:\/\/www.technicmachines.com\/es\/","name":"Technic Machines - Partenaire de solutions pour machines industrielles","isPartOf":{"@id":"https:\/\/www.technicmachines.com\/#website"},"primaryImageOfPage":{"@id":"https:\/\/www.technicmachines.com\/es\/#primaryimage"},"image":{"@id":"https:\/\/www.technicmachines.com\/es\/#primaryimage"},"thumbnailUrl":"https:\/\/www.technicmachines.com\/wp-content\/uploads\/2024\/02\/tecnic-machines-welcome.webp","datePublished":"2023-05-10T13:31:30+00:00","dateModified":"2024-02-25T10:19:20+00:00","description":"En tant que Technic Machines, nous avons export\u00e9 nos machines dans plus de 70 pays jusqu'\u00e0 aujourd'hui, nous fournissons les meilleures solutions de machines industrielles.","breadcrumb":{"@id":"https:\/\/www.technicmachines.com\/es\/#breadcrumb"},"inLanguage":"fr-FR","potentialAction":[{"@type":"ReadAction","target":["https:\/\/www.technicmachines.com\/es\/"]}]},{"@type":"ImageObject","inLanguage":"fr-FR","@id":"https:\/\/www.technicmachines.com\/es\/#primaryimage","url":"https:\/\/www.technicmachines.com\/wp-content\/uploads\/2024\/02\/tecnic-machines-welcome.webp","contentUrl":"https:\/\/www.technicmachines.com\/wp-content\/uploads\/2024\/02\/tecnic-machines-welcome.webp"},{"@type":"BreadcrumbList","@id":"https:\/\/www.technicmachines.com\/es\/#breadcrumb","itemListElement":[{"@type":"ListItem","position":1,"name":"Home","item":"https:\/\/www.technicmachines.com\/es\/"},{"@type":"ListItem","position":2,"name":"Why Technic Machines ?"}]},{"@type":"WebSite","@id":"https:\/\/www.technicmachines.com\/#website","url":"https:\/\/www.technicmachines.com\/","name":"Technic Machines","description":"Partenaire pour les solutions de machines industrielles","publisher":{"@id":"https:\/\/www.technicmachines.com\/#organization"},"alternateName":"Technic Machines","potentialAction":[{"@type":"SearchAction","target":{"@type":"EntryPoint","urlTemplate":"https:\/\/www.technicmachines.com\/?s={search_term_string}"},"query-input":{"@type":"PropertyValueSpecification","valueRequired":true,"valueName":"search_term_string"}}],"inLanguage":"fr-FR"},{"@type":"Organization","@id":"https:\/\/www.technicmachines.com\/#organization","name":"Technic Machines","alternateName":"Technic Machines","url":"https:\/\/www.technicmachines.com\/","logo":{"@type":"ImageObject","inLanguage":"fr-FR","@id":"https:\/\/www.technicmachines.com\/#\/schema\/logo\/image\/","url":"https:\/\/www.technicmachines.com\/wp-content\/uploads\/2023\/09\/LOGO-1.png","contentUrl":"https:\/\/www.technicmachines.com\/wp-content\/uploads\/2023\/09\/LOGO-1.png","width":1456,"height":972,"caption":"Technic Machines"},"image":{"@id":"https:\/\/www.technicmachines.com\/#\/schema\/logo\/image\/"},"sameAs":["https:\/\/www.facebook.com\/TechnicMachines","https:\/\/x.com\/technicmachines","https:\/\/www.youtube.com\/technicmachines","https:\/\/www.linkedin.com\/company\/technicmachines","https:\/\/www.instagram.com\/technicmachines"]}]}},"_links":{"self":[{"href":"https:\/\/www.technicmachines.com\/fr\/wp-json\/wp\/v2\/pages\/7","targetHints":{"allow":["GET"]}}],"collection":[{"href":"https:\/\/www.technicmachines.com\/fr\/wp-json\/wp\/v2\/pages"}],"about":[{"href":"https:\/\/www.technicmachines.com\/fr\/wp-json\/wp\/v2\/types\/page"}],"author":[{"embeddable":true,"href":"https:\/\/www.technicmachines.com\/fr\/wp-json\/wp\/v2\/users\/1"}],"replies":[{"embeddable":true,"href":"https:\/\/www.technicmachines.com\/fr\/wp-json\/wp\/v2\/comments?post=7"}],"version-history":[{"count":77,"href":"https:\/\/www.technicmachines.com\/fr\/wp-json\/wp\/v2\/pages\/7\/revisions"}],"predecessor-version":[{"id":2739,"href":"https:\/\/www.technicmachines.com\/fr\/wp-json\/wp\/v2\/pages\/7\/revisions\/2739"}],"wp:attachment":[{"href":"https:\/\/www.technicmachines.com\/fr\/wp-json\/wp\/v2\/media?parent=7"}],"curies":[{"name":"wp","href":"https:\/\/api.w.org\/{rel}","templated":true}]}}